{"id":91,"date":"2014-09-03T15:29:53","date_gmt":"2014-09-03T13:29:53","guid":{"rendered":"http:\/\/localhost\/wordpress1\/?page_id=91"},"modified":"2016-05-06T15:15:55","modified_gmt":"2016-05-06T13:15:55","slug":"pravni-okvir","status":"publish","type":"page","link":"https:\/\/www.arhivsa.ba\/wordpress\/?page_id=91","title":{"rendered":"Pravni okvir"},"content":{"rendered":"<p>Zakonskom osnovom za\u0161tite arhivske i registraturne gra\u0111e bavi se tzv. <strong>arhivsko zakonodavstvo<\/strong>. Ono pravno tretira osnovno funkcioniranje arhivskih ustanova i arhivske slu\u017ebe te, s tim u vezi, predlaganje zakona i dono\u0161enje podzakonskih akata i drugih normativa koji ovu oblast reguliraju.<\/p>\n<p>Arhivsko zakonodavstvo regulira:<\/p>\n<ul>\n<li>za\u0161titu arhivske i registraturne gra\u0111e kao javnog dobra od posebnog interesa za dru\u0161tvo i dr\u017eavu;<\/li>\n<li>status, prava, du\u017enosti i obaveze stvaralaca i imalaca arhivske i registraturne gra\u0111e;<\/li>\n<li>status, prava, du\u017enosti i obaveze arhivskih ustanova;<\/li>\n<li>me\u0111uresornu, me\u0111unarodnu, me\u0111uinstitucionalnu i me\u0111uarhivsku saradnju;<\/li>\n<li>stru\u010dna zvanja, stru\u010dna usavr\u0161avanja i stru\u010dne ispite arhivskih uposlenika i uposlenika u institucijama koje se bave arhivskom djelatno\u0161\u0107u.<\/li>\n<\/ul>\n","protected":false},"excerpt":{"rendered":"<p>Zakonskom osnovom za\u0161tite arhivske i registraturne gra\u0111e bavi se tzv. arhivsko zakonodavstvo. Ono pravno tretira osnovno funkcioniranje arhivskih ustanova i arhivske slu\u017ebe te, s tim u vezi, predlaganje zakona i dono\u0161enje podzakonskih akata i drugih normativa koji ovu oblast reguliraju. Arhivsko zakonodavstvo regulira: za\u0161titu arhivske i registraturne gra\u0111e kao javnog dobra od posebnog interesa za dru\u0161tvo i dr\u017eavu; status, prava, du\u017enosti i obaveze stvaralaca i imalaca arhivske i registraturne gra\u0111e; status, prava,&#8230; <a class=\"continue-reading-link\" href=\"https:\/\/www.arhivsa.ba\/wordpress\/?page_id=91\">Vi\u0161e<\/a><\/p>\n","protected":false},"author":1,"featured_media":0,"parent":0,"menu_order":0,"comment_status":"closed","ping_status":"closed","template":"","meta":{"_uf_show_specific_survey":0,"_uf_disable_surveys":false,"ngg_post_thumbnail":0,"footnotes":""},"class_list":["post-91","page","type-page","status-publish","hentry"],"_links":{"self":[{"href":"https:\/\/www.arhivsa.ba\/wordpress\/index.php?rest_route=\/wp\/v2\/pages\/91","targetHints":{"allow":["GET"]}}],"collection":[{"href":"https:\/\/www.arhivsa.ba\/wordpress\/index.php?rest_route=\/wp\/v2\/pages"}],"about":[{"href":"https:\/\/www.arhivsa.ba\/wordpress\/index.php?rest_route=\/wp\/v2\/types\/page"}],"author":[{"embeddable":true,"href":"https:\/\/www.arhivsa.ba\/wordpress\/index.php?rest_route=\/wp\/v2\/users\/1"}],"replies":[{"embeddable":true,"href":"https:\/\/www.arhivsa.ba\/wordpress\/index.php?rest_route=%2Fwp%2Fv2%2Fcomments&post=91"}],"version-history":[{"count":3,"href":"https:\/\/www.arhivsa.ba\/wordpress\/index.php?rest_route=\/wp\/v2\/pages\/91\/revisions"}],"predecessor-version":[{"id":2069,"href":"https:\/\/www.arhivsa.ba\/wordpress\/index.php?rest_route=\/wp\/v2\/pages\/91\/revisions\/2069"}],"wp:attachment":[{"href":"https:\/\/www.arhivsa.ba\/wordpress\/index.php?rest_route=%2Fwp%2Fv2%2Fmedia&parent=91"}],"curies":[{"name":"wp","href":"https:\/\/api.w.org\/{rel}","templated":true}]}}