{"id":584,"date":"2014-09-12T12:33:56","date_gmt":"2014-09-12T10:33:56","guid":{"rendered":"http:\/\/www.arhivsa.ba\/wordpress\/?page_id=584"},"modified":"2014-10-29T11:16:52","modified_gmt":"2014-10-29T09:16:52","slug":"bibliografija-gaad-bih-1961-1995","status":"publish","type":"page","link":"https:\/\/www.arhivsa.ba\/wordpress\/?page_id=584","title":{"rendered":"Bibliografija GAAD BiH 1961-1995"},"content":{"rendered":"<p>Bibliografija \u010dasopisa &#8220;<strong>Glasnik arhiva i dru\u0161tava arhivskih radnika Bosne i Hercegovine<\/strong>&#8221; (1961-1995):<\/p>\n<ul>\n<li><a title=\"O bibliografiji\" href=\"http:\/\/www.arhivsa.ba\/wordpress\/?page_id=589\">O bibliografiji<\/a><\/li>\n<li><a title=\"Arhivistika i arhivska gra\u0111a\" href=\"http:\/\/www.arhivsa.ba\/wordpress\/?page_id=593\">Arhivistika i arhivska gra\u0111a<\/a><\/li>\n<li><a title=\"\u010clanci i rasprave\" href=\"http:\/\/www.arhivsa.ba\/wordpress\/?page_id=599\">\u010clanci i rasprave<\/a><\/li>\n<li><a title=\"Gra\u0111a\" href=\"http:\/\/www.arhivsa.ba\/wordpress\/?page_id=608\">Gra\u0111a<\/a><\/li>\n<li><a title=\"Prikazi i ocjene\" href=\"http:\/\/www.arhivsa.ba\/wordpress\/?page_id=611\">Prikazi i ocjene<\/a><\/li>\n<li><a title=\"Dru\u0161tvene vijesti\" href=\"http:\/\/www.arhivsa.ba\/wordpress\/?page_id=533\">Dru\u0161tvene vijesti<\/a><\/li>\n<li><a title=\"Bibliografija\" href=\"http:\/\/www.arhivsa.ba\/wordpress\/?page_id=620\">Bibliografija<\/a><\/li>\n<li><a title=\"Razmjena publikacija\" href=\"http:\/\/www.arhivsa.ba\/wordpress\/?page_id=623\">Razmjena publikacija<\/a><\/li>\n<li><a title=\"In memoriam\" href=\"http:\/\/www.arhivsa.ba\/wordpress\/?page_id=626\">In memoriam<\/a><\/li>\n<li><a title=\"Inventari\" href=\"http:\/\/www.arhivsa.ba\/wordpress\/?page_id=629\">Inventari<\/a><\/li>\n<li><a title=\"Indeks autora\" href=\"http:\/\/www.arhivsa.ba\/wordpress\/?page_id=631\">Indeks autora<\/a><\/li>\n<\/ul>\n","protected":false},"excerpt":{"rendered":"<p>Bibliografija \u010dasopisa &#8220;Glasnik arhiva i dru\u0161tava arhivskih radnika Bosne i Hercegovine&#8221; (1961-1995): O bibliografiji Arhivistika i arhivska gra\u0111a \u010clanci i rasprave Gra\u0111a Prikazi i ocjene Dru\u0161tvene vijesti Bibliografija Razmjena publikacija In memoriam Inventari Indeks autora <a class=\"continue-reading-link\" href=\"https:\/\/www.arhivsa.ba\/wordpress\/?page_id=584\">Vi\u0161e<\/a><\/p>\n","protected":false},"author":1,"featured_media":517,"parent":192,"menu_order":0,"comment_status":"closed","ping_status":"closed","template":"","meta":{"_uf_show_specific_survey":0,"_uf_disable_surveys":false,"ngg_post_thumbnail":0,"footnotes":""},"class_list":["post-584","page","type-page","status-publish","has-post-thumbnail","hentry"],"_links":{"self":[{"href":"https:\/\/www.arhivsa.ba\/wordpress\/index.php?rest_route=\/wp\/v2\/pages\/584","targetHints":{"allow":["GET"]}}],"collection":[{"href":"https:\/\/www.arhivsa.ba\/wordpress\/index.php?rest_route=\/wp\/v2\/pages"}],"about":[{"href":"https:\/\/www.arhivsa.ba\/wordpress\/index.php?rest_route=\/wp\/v2\/types\/page"}],"author":[{"embeddable":true,"href":"https:\/\/www.arhivsa.ba\/wordpress\/index.php?rest_route=\/wp\/v2\/users\/1"}],"replies":[{"embeddable":true,"href":"https:\/\/www.arhivsa.ba\/wordpress\/index.php?rest_route=%2Fwp%2Fv2%2Fcomments&post=584"}],"version-history":[{"count":11,"href":"https:\/\/www.arhivsa.ba\/wordpress\/index.php?rest_route=\/wp\/v2\/pages\/584\/revisions"}],"predecessor-version":[{"id":634,"href":"https:\/\/www.arhivsa.ba\/wordpress\/index.php?rest_route=\/wp\/v2\/pages\/584\/revisions\/634"}],"up":[{"embeddable":true,"href":"https:\/\/www.arhivsa.ba\/wordpress\/index.php?rest_route=\/wp\/v2\/pages\/192"}],"wp:featuredmedia":[{"embeddable":true,"href":"https:\/\/www.arhivsa.ba\/wordpress\/index.php?rest_route=\/wp\/v2\/media\/517"}],"wp:attachment":[{"href":"https:\/\/www.arhivsa.ba\/wordpress\/index.php?rest_route=%2Fwp%2Fv2%2Fmedia&parent=584"}],"curies":[{"name":"wp","href":"https:\/\/api.w.org\/{rel}","templated":true}]}}