{"id":93,"date":"2014-09-03T15:30:05","date_gmt":"2014-09-03T13:30:05","guid":{"rendered":"http:\/\/localhost\/wordpress1\/?page_id=93"},"modified":"2025-09-22T12:50:51","modified_gmt":"2025-09-22T10:50:51","slug":"linkovi","status":"publish","type":"page","link":"http:\/\/www.arhivsa.ba\/wordpress\/?page_id=93","title":{"rendered":"Linkovi"},"content":{"rendered":"<h4>Arhivske institucije i udru\u017eenja u BiH<\/h4>\n<ul>\n<li><a href=\"http:\/\/www.arhivbih.gov.ba\/\">Arhiv Bosne i Hercegovine<\/a><\/li>\n<li><a href=\"http:\/\/www.arhivfbih.gov.ba\/bh\/index.php\">Arhiv Federacije Bosne i Hercegovine<\/a><\/li>\n<li><a href=\"http:\/\/www.arhivrs.org\/\">Arhiv Republike Srpske<\/a><\/li>\n<li><a href=\"http:\/\/http:\/\/www.arhivtk.ba\/\">Arhiv Tuzlanskog Kantona<\/a><\/li>\n<li><a href=\"https:\/\/www.facebook.com\/kantonalniarhiv.travnik\">Kantonalni arhiv Travnik<\/a><\/li>\n<\/ul>\n<h4>Arhivske institucije i udru\u017eenja u regionu<\/h4>\n<ul>\n<li><strong>Albanija<\/strong>\n<ul>\n<li><a href=\"www.albarchive.gov.al\">Dr\u017eavni arhiv Albanije<\/a> (sh)<\/li>\n<\/ul>\n<\/li>\n<li><strong>Crna Gora<\/strong>\n<ul>\n<li><a href=\"http:\/\/www.dacg.me\/\">Dr\u017eavni arhiv Crne Gore<\/a> (cg)<\/li>\n<li><a href=\"http:\/\/arhiv-niksic.blogspot.com\/\">Arhiv u Nik\u0161i\u0107u<\/a> (cg)<\/li>\n<li><a href=\"http:\/\/www.cdknotar.org\/me\/\">&#8220;Notar&#8221; &#8211; Centar za njegovanje i prezentaciju dokumentarnog naslje\u0111a Kotora<\/a> (cg | en | it)<\/li>\n<\/ul>\n<\/li>\n<li><strong>Hrvatska<\/strong>\n<ul>\n<li><a href=\"http:\/\/www.arhiv.hr\/arhiv2\/index.htm\">Hrvatski dr\u017eavni arhiv<\/a> (hr | en)<\/li>\n<li><a href=\"http:\/\/arhinet.arhiv.hr\/default.aspx\">ARHiNET &#8211; mre\u017eni informacijski sustav<\/a> (hr)<\/li>\n<li><a href=\"http:\/\/dabj.hr\/impresspage\/\">Dr\u017eavni arhiv u Bjelovaru<\/a> (hr)<\/li>\n<li><a href=\"http:\/\/www.dad.hr\/\">Dr\u017eavni arhiv u Dubrovniku<\/a> (hr)<\/li>\n<li><a href=\"http:\/\/www.arhiv-gospic.hr\/\">Dr\u017eavni arhiv u Gospi\u0107u<\/a> (hr)<\/li>\n<li><a href=\"http:\/\/www.da-ka.hr\/\">Dr\u017eavni arhiv u Karlovcu<\/a> (hr)<\/li>\n<li><a href=\"http:\/\/dram.hr\/\">Dr\u017eavni arhiv za Me\u0111imurje<\/a> (hr)<\/li>\n<li><a href=\"http:\/\/www.dao.hr\/\">Dr\u017eavni arhiv u Osijeku<\/a> (hr)<\/li>\n<li><a href=\"http:\/\/www.dapa.hr\/index.php\/en\/\">Dr\u017eavni arhiv u Pazinu<\/a> (hr | it | en)<\/li>\n<li><a href=\"http:\/\/www.riarhiv.hr\/\">Dr\u017eavni arhiv u Rijeci<\/a> (hr | en)<\/li>\n<li><a href=\"http:\/\/www.dask.hr\/\">Dr\u017eavni arhiv u Sisku<\/a> (hr)<\/li>\n<li><a href=\"http:\/\/www.dasb.hr\/\">Dr\u017eavni arhiv u Slavonskom Brodu<\/a> (hr | en)<\/li>\n<li><a href=\"http:\/\/www.das.hr\/\">Dr\u017eavni arhiv u Splitu<\/a> (hr)<\/li>\n<li><a href=\"http:\/\/www.dasi.hr\/\">Dr\u017eavni arhiv u \u0160ibeniku<\/a> (hr)<\/li>\n<li><a href=\"http:\/\/www.dav.hr\/\">Dr\u017eavni arhiv u Vara\u017edinu<\/a> (hr)<\/li>\n<li><a href=\"http:\/\/www.davt.hr\/\">Dr\u017eavni arhiv u Virovitici<\/a> (hr)<\/li>\n<li><a href=\"http:\/\/www.davu.hr\/\">Dr\u017eavni arhiv u Vukovaru<\/a> (hr)<\/li>\n<li><a href=\"http:\/\/www.dazd.hr\/\">Dr\u017eavni arhiv u Zadru<\/a> (hr | en)<\/li>\n<li><a href=\"http:\/\/www.daz.hr\/web\/\">Dr\u017eavni arhiv u Zagrebu<\/a> (hr)<\/li>\n<li><a href=\"http:\/\/www.had-info.hr\/\">Hrvatsko arhivisti\u010dko dru\u0161tvo<\/a> (hr)<\/li>\n<li><a href=\"http:\/\/daz.hr\/zad\/\">Zagreba\u010dko arhivisti\u010dko dru\u0161tvo<\/a> (hr)<\/li>\n<\/ul>\n<\/li>\n<li><strong>Makedonija<\/strong>\n<ul>\n<li><a href=\"http:\/\/www.arhiv.gov.mk\/index.php\">Dr\u017eavni arhiv Republike Makedonije<\/a> (mk | sh | en)<\/li>\n<\/ul>\n<\/li>\n<li><strong>Slovenija<\/strong>\n<ul>\n<li><a href=\"http:\/\/www.arhiv.gov.si\/si\/\"> Arhiv Republike Slovenije<\/a> (si | en)<\/li>\n<li><a href=\"http:\/\/www.zal-lj.si\/index.php\">Historijski arhiv Ljubljana<\/a> (si)<\/li>\n<li><a href=\"http:\/\/www.pa-ng.si\/\">Pokrajinski arhiv u Novoj Gorici<\/a> (si)<\/li>\n<li><a href=\"http:\/\/www.arhiv-koper.si\/\">Pokrajinski arhiv Koper<\/a> (si | it | en)<\/li>\n<li><a href=\"http:\/\/www.zac.si\/\">Historijski arhiv Celje<\/a> (si)<\/li>\n<li><a href=\"http:\/\/www.pokarh-mb.si\/si\/index.html\">Pokrajinski arhiv Maribor<\/a> (si | en | de | hu)<\/li>\n<li><a href=\"http:\/\/www.arhiv-ptuj.si\/\">Historijski arhiv u Ptuju<\/a> (si)<\/li>\n<li><a href=\"http:\/\/www.arhivsko-drustvo.si\/index.htm\">Arhivsko dru\u0161tvo Slovenije<\/a> (si)<\/li>\n<\/ul>\n<\/li>\n<li><strong>Srbija<\/strong>\n<ul>\n<li><a href=\"http:\/\/www.arhivyu.gov.rs\/\">Arhiv Jugoslavije<\/a> (sr | en)<\/li>\n<li><a href=\"http:\/\/www.archives.org.rs\/\">Arhiv Srbije<\/a> (sr)<\/li>\n<li><a href=\"http:\/\/www.arhiv-beograda.org\/index.php\/rs\/\">Istorijski arhiv Beograda<\/a> (sr |en)<\/li>\n<li><a href=\"http:\/\/www.arhivcacak.org.rs\/\">Me\u0111uop\u0161tinski istorijski arhiv u \u010ca\u010dku<\/a> (sr)<\/li>\n<li><a href=\"http:\/\/www.arhivja.autentik.net\/\">Istorijski arhiv Jagodina<\/a> (sr)<\/li>\n<li><a href=\"http:\/\/maticarproslosti.wordpress.com\/pregled-po-arhivima\/arhivi-u-srbiji\/ia-sumadije-kragujevac\/\">Istorijski arhiv \u0160umadije u Kragujevcu<\/a> (sr)<\/li>\n<li><a href=\"http:\/\/www.arhivkraljevo.org.rs\/\">Istorijski arhiv Kraljevo<\/a> (sr)<\/li>\n<li><a href=\"http:\/\/www.arhivnis.co.rs\/\">Istorijski arhiv Ni\u0161<\/a> (sr)<\/li>\n<li><a href=\"http:\/\/arhivras.org\/index.php?option=start&amp;title=%D0%9F%D0%BE%D1%87%D0%B5%D1%82%D0%BD%D0%B0%20%D1%81%D1%82%D1%80%D0%B0%D0%BD%D0%B0\">Istorijski arhiv &#8220;Ras&#8221; Novi Pazar<\/a> (sr)<\/li>\n<li><a href=\"http:\/\/www.planplus.rs\/prezentacija\/37605\/istorijski-arhiv-pirot\">Istorijski arhiv Pirot<\/a> (sr)<\/li>\n<li><a href=\"http:\/\/www.arhivpozarevac.org.rs\/\">Istorijski arhiv Po\u017earevac<\/a> (sr)<\/li>\n<li><a href=\"http:\/\/www.planplus.rs\/prezentacija\/37596\/istorijski-arhiv-smederevo\">Istorijski arhiv Smederevo<\/a> (sr)<\/li>\n<li><a href=\"http:\/\/www.smederevskapalanka.rs\/index.php\/institucije\/kultura\/arhiv\">Istorijski arhiv &#8220;Veroslava Velja\u0161evi\u0107&#8221; Smederevska Palanka<\/a> (sr)<\/li>\n<li><a href=\"http:\/\/www.arhivsabac.org.rs\/\">Me\u0111uop\u0161tinski istorijski arhiv \u0160abac<\/a> (sr)<\/li>\n<li><a href=\"http:\/\/www.planplus.rs\/prezentacija\/37606\/istorijski-arhiv-toplice-prokuplje\">Istorijski arhiv Toplice u Prokuplju<\/a> (sr)<\/li>\n<li><a href=\"http:\/\/www.arhivue.org.rs\/\">Istorijski arhiv U\u017eice<\/a> (sr)<\/li>\n<li><a href=\"http:\/\/www.istorijskiarhiv.rs\/\">Istorijski arhiv Valjevo<\/a> (sr)<\/li>\n<li><a href=\"http:\/\/www.vranjearhiv.com\/\">Istorijski arhiv &#8220;31. januar&#8221; Vranje<\/a> (sr)<\/li>\n<li><a href=\"http:\/\/www.arhivzajecar.org.rs\/\">Istorijski arhiv &#8220;Timo\u010dka krajina&#8221; Zaje\u010dar<\/a> (sr)<\/li>\n<li><a href=\"http:\/\/www.arhivvojvodine.org.rs\/\">Arhiv Vojvodine<\/a> (sr)<\/li>\n<li><a href=\"http:\/\/www.arhivns.rs\/\">Istorijski arhiv grada Novog Sada<\/a> (sr)<\/li>\n<li><a href=\"http:\/\/www.arhivbc.rs\/\">Istorijski arhiv Bela Crkva<\/a> (sr)<\/li>\n<li><a href=\"http:\/\/www.arhivzrenjanin.org.rs\/\">Istorijski arhiv Zrenjanin<\/a> (sr)<\/li>\n<li><a href=\"http:\/\/www.kiarhiv.org.rs\/\">Arhiv u Kikindi<\/a> (sr)<\/li>\n<li><a href=\"http:\/\/www.arhivpancevo.org.rs\/\">Istorijski arhiv Pan\u010devo<\/a> (sr | de | en)<\/li>\n<li><a href=\"http:\/\/www.zentarhiv.rs\/index_sr.php\">Istorijski arhiv Senta<\/a> (sr | hu)<\/li>\n<li><a href=\"http:\/\/www.arhivsombor.org.rs\/\">Istorijski arhiv Sombor<\/a> (sr)<\/li>\n<li><a href=\"http:\/\/www.arhivsrem.org.rs\/\">Istorijski arhiv Srem<\/a> (sr)<\/li>\n<li><a href=\"http:\/\/www.suarhiv.co.rs\/\">Istorijski arhiv Subotica<\/a> (sr | en | hu)<\/li>\n<li><a href=\"http:\/\/www.darv.org.rs\/\">Dru\u0161tvo arhivskih radnika Vojvodine<\/a> (sr)<\/li>\n<li><a href=\"http:\/\/www.sanu.ac.rs\/Arhivi\/Arhiv.aspx\">Arhiv SANU<\/a> (sr | en | fr)<\/li>\n<li><a href=\"http:\/\/www.sanu.ac.rs\/Arhivi\/ArhivSK.aspx\">Arhiv SANU u Sremskim Karlovcima<\/a> (sr | en | fr)<\/li>\n<\/ul>\n<\/li>\n<\/ul>\n<h4>Arhivske institucije i udru\u017eenja u svijetu<\/h4>\n<ul>\n<li><strong>Austrija<\/strong>\n<ul>\n<li><a href=\"http:\/\/www.archivnet.at\/\">ArchivNet &#8211; Austrijski arhivi OnLine<\/a>&nbsp; (en | de)<\/li>\n<li><a href=\"http:\/\/topothek.at\/\">Topotheque Austria &#8211; Kolaborativni Online Arhiv<\/a> &#8211; (en | de)<\/li>\n<\/ul>\n<\/li>\n<li><strong>Danska<\/strong>\n<ul>\n<li><a href=\"http:\/\/www.sa.dk\/content\/us\/\">Dr\u017eavni arhiv Danske<\/a> (dk | en | de)<\/li>\n<\/ul>\n<\/li>\n<li><strong>Estonija<\/strong>\n<ul>\n<li><a href=\"http:\/\/www.ra.ee\/\">Nacionalni arhiv Estonije<\/a> (ee | en)<\/li>\n<\/ul>\n<\/li>\n<li><strong>Ma\u0111arska<\/strong>\n<ul>\n<li><a href=\"http:\/\/mnl.gov.hu\/\">Ma\u0111arski dr\u017eavni arhiv<\/a> (hu | en | de)<\/li>\n<li><a href=\"https:\/\/bparchiv.hu\/en\/budapest-city-archives\/\">Gradski arhiv Budimpe\u0161te<\/a> (hu | en | de)<\/li>\n<\/ul>\n<\/li>\n<li><strong>Norve\u0161ka<\/strong>\n<ul>\n<li><a href=\"http:\/\/www.arkivverket.no\/\">Nacionalni arhiv Norve\u0161ke<\/a> (no | en)<\/li>\n<\/ul>\n<\/li>\n<\/ul>\n<h4>Va\u017eni arhivski portali<\/h4>\n<ul>\n<li><a href=\"http:\/\/www.ica.org\/3\/homepage\/home.html\">ICA &#8211; Me\u0111unarodno arhivsko vije\u0107e<\/a> (en | fr | ru | de | es | ar | jp | ch)<\/li>\n<li><a href=\"http:\/\/icar-us.eu\/en\/\">ICARUS &#8211; Me\u0111unarodni Centar za Arhivska Istra\u017eivanja<\/a> (en | de)<\/li>\n<li><a href=\"https:\/\/www.timemachine.eu\/\">The Time Machine project \/ organisation<\/a> (en)<\/li>\n<li><a href=\"http:\/\/enarc.icar-us.eu\/\">ENArC &#8211; Evropska Mre\u017ea za Arhivsku Saradnju<\/a> (en)<\/li>\n<li><a href=\"http:\/\/www.archivesportaleurope.net\/\">Evropski arhivski portal<\/a> (jezici EU)<\/li>\n<li><a href=\"http:\/\/www.eark-project.com\/\">Projekt E-ARK &#8211; O\u010duvanje evropske ahrivske gra\u0111e i znanja<\/a> (en)<\/li>\n<li><a href=\"http:\/\/www.matricula.data.icar-us.eu\/php\/main.php\">Matricula &#8211; Online baza podataka crkvenih knjiga<\/a> (en | de)<\/li>\n<li><a href=\"http:\/\/monasterium.net\/mom\/home\">Monasterium &#8211; Evropski virtualni arhiv povelja<\/a> (en | de)<\/li>\n<li><a href=\"http:\/\/www.apex-project.eu\/index.php\/en\/\">APEx Project &#8211; Evropska mre\u017ea dobrih praksi<\/a> (en)<\/li>\n<li><a href=\"http:\/\/www.xooxleanswers.com\/free-newspaper-archives\/\">Newspapers archive<\/a> (en)<\/li>\n<li><a href=\"http:\/\/www.europeana.eu\/portal\/\">EUROPEANA<\/a>&nbsp; (jezici EU)<\/li>\n<li><a href=\"https:\/\/www.dariah.eu\/\">DARIAH-EU<\/a><\/li>\n<li><a href=\"https:\/\/dariahbih.unsa.ba\/o-nama\">DARIAH-BIH<\/a><\/li>\n<\/ul>\n\n\n<p><\/p>\n","protected":false},"excerpt":{"rendered":"<p>Arhivske institucije i udru\u017eenja u BiH Arhiv Bosne i Hercegovine Arhiv Federacije Bosne i Hercegovine Arhiv Republike Srpske Arhiv Tuzlanskog Kantona Kantonalni arhiv Travnik Arhivske institucije i udru\u017eenja u regionu Albanija Dr\u017eavni arhiv Albanije (sh) Crna Gora Dr\u017eavni arhiv Crne Gore (cg) Arhiv u Nik\u0161i\u0107u (cg) &#8220;Notar&#8221; &#8211; Centar za njegovanje i prezentaciju dokumentarnog naslje\u0111a Kotora (cg | en | it) Hrvatska Hrvatski dr\u017eavni arhiv (hr | en) ARHiNET &#8211; mre\u017eni informacijski&#8230; <a class=\"continue-reading-link\" href=\"http:\/\/www.arhivsa.ba\/wordpress\/?page_id=93\">Vi\u0161e<\/a><\/p>\n","protected":false},"author":1,"featured_media":517,"parent":0,"menu_order":0,"comment_status":"closed","ping_status":"closed","template":"","meta":{"_uf_show_specific_survey":0,"_uf_disable_surveys":false,"ngg_post_thumbnail":0,"footnotes":""},"class_list":["post-93","page","type-page","status-publish","has-post-thumbnail","hentry"],"_links":{"self":[{"href":"http:\/\/www.arhivsa.ba\/wordpress\/index.php?rest_route=\/wp\/v2\/pages\/93","targetHints":{"allow":["GET"]}}],"collection":[{"href":"http:\/\/www.arhivsa.ba\/wordpress\/index.php?rest_route=\/wp\/v2\/pages"}],"about":[{"href":"http:\/\/www.arhivsa.ba\/wordpress\/index.php?rest_route=\/wp\/v2\/types\/page"}],"author":[{"embeddable":true,"href":"http:\/\/www.arhivsa.ba\/wordpress\/index.php?rest_route=\/wp\/v2\/users\/1"}],"replies":[{"embeddable":true,"href":"http:\/\/www.arhivsa.ba\/wordpress\/index.php?rest_route=%2Fwp%2Fv2%2Fcomments&post=93"}],"version-history":[{"count":27,"href":"http:\/\/www.arhivsa.ba\/wordpress\/index.php?rest_route=\/wp\/v2\/pages\/93\/revisions"}],"predecessor-version":[{"id":7754,"href":"http:\/\/www.arhivsa.ba\/wordpress\/index.php?rest_route=\/wp\/v2\/pages\/93\/revisions\/7754"}],"wp:featuredmedia":[{"embeddable":true,"href":"http:\/\/www.arhivsa.ba\/wordpress\/index.php?rest_route=\/wp\/v2\/media\/517"}],"wp:attachment":[{"href":"http:\/\/www.arhivsa.ba\/wordpress\/index.php?rest_route=%2Fwp%2Fv2%2Fmedia&parent=93"}],"curies":[{"name":"wp","href":"https:\/\/api.w.org\/{rel}","templated":true}]}}