{"id":913,"date":"2014-09-18T11:40:05","date_gmt":"2014-09-18T09:40:05","guid":{"rendered":"http:\/\/www.arhivsa.ba\/wordpress\/?page_id=913"},"modified":"2019-05-09T13:19:15","modified_gmt":"2019-05-09T11:19:15","slug":"kako-istrazivati","status":"publish","type":"page","link":"http:\/\/www.arhivsa.ba\/wordpress\/?page_id=913","title":{"rendered":"Kako istra\u017eivati?"},"content":{"rendered":"<p>Obrasci zahtjeva koje trebate popuniti u JU Historijski arhiv Sarajevo:<\/p>\n<ul>\n<li><a href=\"http:\/\/www.arhivsa.ba\/wordpress\/wp-content\/uploads\/2016\/01\/zahtjev-dn.doc\">Zahtjev za istra\u017eivanje DN-spisa<\/a><\/li>\n<li><a href=\"http:\/\/www.arhivsa.ba\/wordpress\/wp-content\/uploads\/2016\/01\/zahtjev-za-istra%C5%BEivanje-podataka.doc\">Zahtjev za istra\u017eivanje podataka<\/a><\/li>\n<li><a href=\"http:\/\/www.arhivsa.ba\/wordpress\/wp-content\/uploads\/2016\/01\/ZAHTJEV-ZA-ISTRA%C5%BDIVA%C4%8CE-1-STR.doc\">Zahtjev za kori\u0161tenje arhivske i bibliote\u010dke gra\u0111e<\/a><\/li>\n<\/ul>\n<p>Zavisno od tra\u017eenih podataka iz institucija, preduze\u0107a ili \u0161kola \u010dija je dokumentacija kod nas pohranjena (i druge arhivske gra\u0111e), <strong>moraju se popuniti ta\u010dni podaci<\/strong> iz jednog od navedenih obrazaca. Stranke moraju zahtjev popuniti, predati i do\u0107i po njega li\u010dno. Svako istra\u017eivanje se napla\u0107uje (\u010dak i oni sa negativnim odgovorima), prema Uredbi o uslugama i cijenama usluga Javne ustanove Historijski arhiv Sarajevo.<\/p>\n<p>Da li je zahtjev za istra\u017eivanje gotov mo\u017eete provjeriti na broj telefona <strong>033\/223-281<\/strong>, radnim danima od <strong>10<\/strong> do <strong>13<\/strong> sati.<\/p>\n<hr>\n<p style=\"text-align: center;\">IV \u2013 CJENOVNIK USLUGA<\/p>\n<p>\u010clan 5.<\/p>\n<p>(Cjenovnik usluga)<\/p>\n<ol>\n<li>STRU\u010cNA POMO\u0106 I SAVJETOVANJE&nbsp;&nbsp;&nbsp;&nbsp;&nbsp;&nbsp;&nbsp;&nbsp;&nbsp;&nbsp;&nbsp;&nbsp;&nbsp;&nbsp;&nbsp;&nbsp;&nbsp;&nbsp;&nbsp;&nbsp;&nbsp;&nbsp;&nbsp;&nbsp;&nbsp;&nbsp;&nbsp;&nbsp;&nbsp;&nbsp;&nbsp;&nbsp;&nbsp;&nbsp;&nbsp;&nbsp;&nbsp;&nbsp;&nbsp;&nbsp;&nbsp;&nbsp;&nbsp;&nbsp;&nbsp;&nbsp;&nbsp;&nbsp;&nbsp;&nbsp;&nbsp;<\/li>\n<\/ol>\n<p>Cijena stru\u010dne pomo\u0107i&nbsp; odnosi se na svaki zapo\u010deti sat&nbsp;&nbsp;&nbsp;&nbsp;&nbsp;&nbsp;&nbsp;&nbsp;&nbsp;&nbsp;&nbsp;&nbsp;&nbsp;&nbsp;&nbsp;&nbsp;&nbsp;&nbsp;&nbsp;&nbsp;&nbsp;&nbsp;&nbsp;&nbsp;&nbsp;&nbsp;&nbsp;&nbsp;&nbsp;&nbsp;&nbsp;&nbsp; &nbsp;&nbsp;&nbsp;&nbsp;&nbsp; &nbsp;40,00 KM<\/p>\n<p>&nbsp;<\/p>\n<p>2. REGISTRATURNO SRE\u0110IVANJE I OBRADA ARHIVSKE I REGISTRATURNE GRA\u0110E<\/p>\n<p>2.1. Izdvajanje \u2013 \u0161kartiranje nepotrebne registraturne gra\u0111e<\/p>\n<p>i drugih sli\u010dnih poslova, po jednom du\u017enom metru<\/p>\n<p>zavisno od uslova smje\u0161taja, stepena sre\u0111enosti,<\/p>\n<p>o\u010duvanosti&nbsp; &nbsp;&nbsp;&nbsp;&nbsp;&nbsp;&nbsp;&nbsp;&nbsp;&nbsp;&nbsp;&nbsp;&nbsp;&nbsp;&nbsp;&nbsp;&nbsp;&nbsp;&nbsp;&nbsp;&nbsp;&nbsp;&nbsp;&nbsp;&nbsp;&nbsp;&nbsp;&nbsp;&nbsp;&nbsp;&nbsp;&nbsp;&nbsp;&nbsp;&nbsp;&nbsp;&nbsp;&nbsp;&nbsp;&nbsp;&nbsp;&nbsp;&nbsp;&nbsp;&nbsp;&nbsp;&nbsp;&nbsp;&nbsp;&nbsp;&nbsp;&nbsp; &nbsp;&nbsp;&nbsp;&nbsp;&nbsp;&nbsp;&nbsp;&nbsp;&nbsp;&nbsp;&nbsp;&nbsp;&nbsp;&nbsp;&nbsp;&nbsp;&nbsp;&nbsp;&nbsp;&nbsp;&nbsp;100,00 KM-300,00 KM<\/p>\n<p>2.2. Izrada klasifikacionih oznaka dokumentacije&nbsp; &nbsp; &nbsp; &nbsp; &nbsp; &nbsp; &nbsp; &nbsp;1.100,00 KM<\/p>\n<p>2.3. Izrada Liste kategorija sa rokovima \u010duvanja&nbsp; &nbsp; &nbsp; &nbsp; &nbsp; &nbsp; &nbsp; &nbsp; &nbsp;1.500,00 KM<\/p>\n<p>2.4. Izrada plana sre\u0111ivanja&nbsp; &nbsp; &nbsp; &nbsp; &nbsp; &nbsp; &nbsp; &nbsp; &nbsp; &nbsp; &nbsp; &nbsp; &nbsp; &nbsp; &nbsp; &nbsp; &nbsp; &nbsp; &nbsp; &nbsp; &nbsp; &nbsp; &nbsp; &nbsp; &nbsp; &nbsp; &nbsp; &nbsp; &nbsp;900,00 KM<\/p>\n<p>2.5. Tehni\u010dko opremanje i ure\u0111ivanje gra\u0111e po du\u017enom metru &nbsp;&nbsp;&nbsp; &nbsp;&nbsp;&nbsp;30,00 KM<\/p>\n<p>2.6. Popisivanje gra\u0111e u arhivsku knjigu po jedinici upisa<\/p>\n<p>&nbsp;&nbsp;&nbsp;&nbsp;&nbsp;&nbsp;&nbsp;&nbsp;&nbsp;&nbsp; -za svaku jedinicu popisa, iznos se uve\u0107ava za&nbsp; &nbsp; &nbsp; &nbsp; &nbsp; &nbsp; &nbsp; &nbsp; &nbsp; &nbsp; &nbsp; &nbsp; &nbsp; &nbsp; 3,00 KM<\/p>\n<p>&nbsp;<\/p>\n<p>3. PREUZIMANJE ARHIVSKE I REGISTRATURNE GRA\u0110E&nbsp; &nbsp;&nbsp;&nbsp;&nbsp;&nbsp;&nbsp; &nbsp; &nbsp; &nbsp; &nbsp; &nbsp;<\/p>\n<p>U zavisnosti od koli\u010dine i stepena sre\u0111enosti 400,00KM-600,00KM m\/du\u017eni<\/p>\n<p>&nbsp;<\/p>\n<p>4. ISTRA\u017dIVANJE PODATAKA IZ DOKUMENTACIJE ARHIVA NA ZAHTJEV FIZI\u010cKIH I PRAVNIH LICA<\/p>\n<p>4.1. Istra\u017eivanje i izdavanje uvjerenja na zahtjev fizi\u010dkih lica&nbsp;&nbsp;&nbsp;&nbsp;&nbsp;&nbsp;&nbsp;&nbsp;&nbsp;&nbsp;&nbsp;&nbsp;&nbsp;&nbsp;&nbsp;&nbsp;&nbsp;&nbsp;&nbsp;&nbsp;&nbsp;&nbsp;&nbsp;&nbsp;&nbsp;&nbsp;&nbsp;<\/p>\n<p>&nbsp; &nbsp; &nbsp; &nbsp; &nbsp; &nbsp; &nbsp; &nbsp; &nbsp; &nbsp; &nbsp; &nbsp; &nbsp; &nbsp; &nbsp; &nbsp; &nbsp; &nbsp; &nbsp; &nbsp; &nbsp; &nbsp; &nbsp; &nbsp; &nbsp; &nbsp; &nbsp; &nbsp; &nbsp; &nbsp; &nbsp; &nbsp; &nbsp; &nbsp; &nbsp; &nbsp; &nbsp; &nbsp; &nbsp; &nbsp; &nbsp; &nbsp; &nbsp;\u2013&nbsp; &nbsp;&nbsp;obrada zahtjeva 10,00 KM<\/p>\n<p>4.1.1. \u0161kolska sprema, podaci o zvanju, diploma za svaku godinu \u0161kolovanja&nbsp; &nbsp; &nbsp; &nbsp; &nbsp; &nbsp; &nbsp; &nbsp; &nbsp; &nbsp; &nbsp; &nbsp; &nbsp; &nbsp; &nbsp; &nbsp; &nbsp; &nbsp; &nbsp; &nbsp; &nbsp; &nbsp; &nbsp; &nbsp; &nbsp; &nbsp; &nbsp; &nbsp; &nbsp; &nbsp; &nbsp; &nbsp; &nbsp; &nbsp; &nbsp; &nbsp; &nbsp; &nbsp; &nbsp; &nbsp; &nbsp; &nbsp; &nbsp; &nbsp; &nbsp; &nbsp; &nbsp; &nbsp; &nbsp; &nbsp; &nbsp; &nbsp; &nbsp; &nbsp; &nbsp; &nbsp; &nbsp; &nbsp; &nbsp; &nbsp; &nbsp; &nbsp;20,00 KM \u2013 zavr\u0161ni ispit&nbsp; &nbsp; &nbsp; &nbsp; &nbsp; &nbsp; &nbsp; &nbsp; &nbsp; &nbsp; &nbsp; &nbsp; &nbsp; &nbsp; &nbsp; &nbsp; &nbsp; &nbsp; &nbsp; &nbsp; &nbsp; &nbsp; &nbsp; &nbsp; &nbsp; &nbsp; &nbsp; &nbsp; &nbsp; &nbsp; &nbsp; &nbsp; &nbsp; &nbsp; &nbsp; &nbsp; &nbsp; &nbsp; &nbsp; &nbsp; &nbsp; &nbsp; &nbsp; &nbsp; &nbsp; &nbsp; &nbsp; &nbsp;30,00 KM<\/p>\n<p>4.1.2. radni sta\u017e do 5 godina&nbsp; &nbsp; &nbsp; &nbsp; &nbsp; &nbsp; &nbsp; &nbsp; &nbsp; &nbsp; &nbsp; &nbsp; &nbsp; &nbsp; &nbsp; &nbsp; &nbsp; &nbsp; &nbsp; &nbsp; &nbsp; &nbsp; &nbsp; &nbsp; &nbsp; &nbsp; &nbsp; &nbsp; &nbsp; &nbsp; &nbsp; &nbsp; &nbsp; &nbsp; &nbsp; &nbsp;10,00 KM<\/p>\n<p>4.1.3. prosjek pla\u0107e\/ 5godina,&nbsp; &nbsp; &nbsp; &nbsp; &nbsp; &nbsp; &nbsp; &nbsp; &nbsp; &nbsp; &nbsp; &nbsp; &nbsp; &nbsp; &nbsp; &nbsp; &nbsp; &nbsp; &nbsp; &nbsp; &nbsp; &nbsp; &nbsp; &nbsp; &nbsp; &nbsp; &nbsp; &nbsp; &nbsp; &nbsp; &nbsp; &nbsp; &nbsp; &nbsp; &nbsp;20,00 KM 4.1.4. svaka naredna godina&nbsp; &nbsp; &nbsp; &nbsp; &nbsp; &nbsp; &nbsp; &nbsp; &nbsp; &nbsp; &nbsp; &nbsp; &nbsp; &nbsp; &nbsp; &nbsp; &nbsp; &nbsp; &nbsp; &nbsp; &nbsp; &nbsp; &nbsp; &nbsp; &nbsp; &nbsp; &nbsp; &nbsp; &nbsp; &nbsp; &nbsp; &nbsp; &nbsp; &nbsp; &nbsp; &nbsp;15,00 KM<\/p>\n<p>&nbsp;<\/p>\n<p>4.2. Istra\u017eivanje i izdavanje prepisa iz imovinsko-pravne dokumentacije<\/p>\n<p>&nbsp;&nbsp;&nbsp;&nbsp;&nbsp; na zahtjev fizi\u010dkih lica&nbsp;&nbsp;&nbsp;&nbsp;&nbsp;&nbsp;&nbsp;&nbsp;&nbsp;&nbsp;&nbsp;&nbsp;&nbsp;&nbsp;&nbsp;&nbsp;&nbsp;&nbsp;&nbsp;&nbsp;&nbsp; &nbsp;&nbsp;&nbsp;&nbsp;&nbsp;&nbsp;&nbsp;&nbsp;&nbsp;&nbsp;&nbsp;&nbsp;\u2013&nbsp; &nbsp; &nbsp;obrada zahtjeva &nbsp;&nbsp;&nbsp;10,00 KM<\/p>\n<ul>\n<li>(nacionalizacija, konfiskacija, eksproprijacija, arondacija, naknade za oduzetu imovinu, imovinsko-pravna dokumentacija koja obuhvata brisovna o\u010ditovanja, gra\u0111evinske dozvole, ku\u0107na lista iz fondova popisa stanovni\u0161tva 1910. i 1925. itd.)&nbsp; &nbsp; &nbsp; &nbsp; &nbsp; &nbsp; &nbsp; &nbsp; &nbsp; &nbsp; &nbsp; &nbsp; &nbsp; &nbsp; &nbsp; &nbsp; &nbsp; &nbsp; &nbsp; &nbsp; &nbsp;100,00 KM<\/li>\n<li>tehni\u010dka dokumentacija,&nbsp; projektna dokumentacija\/kopije&nbsp; &nbsp;<\/li>\n<\/ul>\n<p>&nbsp; &nbsp; &nbsp; &nbsp; &nbsp; &nbsp;(plus tro\u0161kovi kopiranja)&nbsp;&nbsp;&nbsp;&nbsp;&nbsp;&nbsp;&nbsp;&nbsp;&nbsp;&nbsp;&nbsp;&nbsp;&nbsp;&nbsp;&nbsp;&nbsp;&nbsp;&nbsp;&nbsp;&nbsp;&nbsp;&nbsp;&nbsp;&nbsp;&nbsp;&nbsp;&nbsp;&nbsp;&nbsp;&nbsp;&nbsp;&nbsp;&nbsp;&nbsp;&nbsp;&nbsp;&nbsp;&nbsp;&nbsp;&nbsp;&nbsp;&nbsp;&nbsp;&nbsp;&nbsp;&nbsp;&nbsp;&nbsp;&nbsp;&nbsp;&nbsp;&nbsp;&nbsp;&nbsp;&nbsp;&nbsp;&nbsp;&nbsp;&nbsp;&nbsp;&nbsp;&nbsp; 100,00 KM<\/p>\n<p>&nbsp;<\/p>\n<p>4.3. Istra\u017eivanje i izdavanje dokumentacije iz upravno-pravne dokumentacije&nbsp;po zahtjevu pravnih lica\/prepisi, uvjerenja \u2013 obrada zahtjeva&nbsp; &nbsp; &nbsp; &nbsp; &nbsp; &nbsp; &nbsp; &nbsp; &nbsp; &nbsp; &nbsp; &nbsp; &nbsp; &nbsp; &nbsp; &nbsp; &nbsp; &nbsp; &nbsp; &nbsp; &nbsp; &nbsp; &nbsp; &nbsp; &nbsp; &nbsp; &nbsp; &nbsp; &nbsp; &nbsp; &nbsp; &nbsp; &nbsp; &nbsp; &nbsp; &nbsp; &nbsp; &nbsp; &nbsp; &nbsp; &nbsp; &nbsp; &nbsp; &nbsp; &nbsp; &nbsp; &nbsp; &nbsp; &nbsp; &nbsp; &nbsp; &nbsp; &nbsp;20,00 KM<\/p>\n<ul>\n<li>Prepisi (osnivanje, registracija, ukidanje, likvidacija, nacionalizacija,<\/li>\n<\/ul>\n<p>imovinsko pravni odnosi&nbsp; &nbsp; &nbsp; &nbsp; &nbsp; &nbsp; &nbsp; &nbsp; &nbsp; &nbsp; &nbsp; &nbsp; &nbsp; &nbsp; &nbsp; &nbsp; &nbsp; &nbsp; &nbsp; &nbsp; &nbsp; &nbsp; &nbsp; &nbsp; &nbsp; &nbsp; &nbsp; &nbsp; 200,00 KM&nbsp; &nbsp; &nbsp; &nbsp; &nbsp; &nbsp; &nbsp; &nbsp; &nbsp;&nbsp;<\/p>\n<ul>\n<li>uvjerenja o statusnim promjenama&nbsp; &nbsp; &nbsp; &nbsp; &nbsp; &nbsp; &nbsp; &nbsp; &nbsp; &nbsp; &nbsp; &nbsp; &nbsp; &nbsp;500,00 KM<\/li>\n<li>tehni\u010dka dokumentacija,&nbsp; projektna dokumentacija\/kopije&nbsp; &nbsp; &nbsp;&nbsp;<\/li>\n<\/ul>\n<p>(plus tro\u0161kovi kopiranja)&nbsp; &nbsp; &nbsp; &nbsp; &nbsp; &nbsp; &nbsp; &nbsp; &nbsp; &nbsp; &nbsp; &nbsp; &nbsp; &nbsp; &nbsp; &nbsp; &nbsp; &nbsp; &nbsp; &nbsp; &nbsp; &nbsp; &nbsp; &nbsp; &nbsp; &nbsp; &nbsp; &nbsp; 200,00 KM<\/p>\n<p>Sve dodatne usluge regulisat \u0107e se posebnim ugovorom.<\/p>\n<p>&nbsp;<\/p>\n<p>4.4. Za kori\u0161tenje arhivske gra\u0111e koja se u izuzetnim okolnostima<\/p>\n<p>iznosi iz Arhiva na kopiranje, skeniranje ili mikrofilmovanje<\/p>\n<p>primjenjuju se odredbe ovog Pravilnika koje reguli\u0161u<\/p>\n<p>ovu materiju uz naplatu tro\u0161kova zaposlenika\/pratioca&nbsp;&nbsp;&nbsp;&nbsp;&nbsp;&nbsp;&nbsp;&nbsp;&nbsp;&nbsp;&nbsp;&nbsp;&nbsp; 40,00 KM\/sat<\/p>\n<p>&nbsp;<\/p>\n<p>4.5. Izdavanje i kopiranje DN spisa&nbsp; &nbsp; &nbsp; &nbsp; &nbsp; &nbsp; &nbsp; &nbsp; &nbsp; &nbsp; &nbsp; &nbsp; &nbsp; &nbsp; &nbsp; &nbsp; &nbsp; &nbsp; &nbsp; &nbsp; &nbsp; &nbsp; &nbsp; &nbsp; &nbsp; &nbsp;15,00 KM<\/p>\n<p>&nbsp;<\/p>\n<ol start=\"5\">\n<li>Istra\u017eivanje podataka za izradu hronika, monografija, elaborata, muzejskih postavki za potrebe korisnika, Arhiv mo\u017ee vr\u0161iti uz naknadu tro\u0161kova koji se reguli\u0161u posebnih ugovorom.<\/li>\n<\/ol>\n<p>Ova odredba se ne odnosi na lica koja samostalno istra\u017euju u cilju pisanja nau\u010dnih, stru\u010dnih i publicisti\u010dkih radova.<\/p>\n<p>Stranke koje zahtijevaju li\u010dni, mentorski, odnosno stru\u010dni rad na svojem istra\u017eivanju ili dodatne informacije koje se odnose na podatke iz recentne literature, snose naknadu za ovaj rad u visini od 40,00 KM po satu, a dozvoljeni obim za stranku je najvi\u0161e 5 sati sedmi\u010dno kod pojedinog stru\u010dnog zaposlenika Arhiva. Rad odobrava direktor.<\/p>\n<p>&nbsp;<\/p>\n<p>Pri kori\u0161tenju dokumenata koji se odnose na&nbsp; fondove i periodiku do 1945. godine i sve zbirke Arhiva, usluge se napla\u0107aju po slijede\u0107im cijenama:<\/p>\n<p>Kopiranje&nbsp;&nbsp;&nbsp;&nbsp;&nbsp;&nbsp;&nbsp;&nbsp;&nbsp;&nbsp;&nbsp;&nbsp;&nbsp;&nbsp;&nbsp;&nbsp;&nbsp;&nbsp;&nbsp;&nbsp;&nbsp;&nbsp;&nbsp;&nbsp;&nbsp;&nbsp;&nbsp;&nbsp;&nbsp;&nbsp;&nbsp;&nbsp;&nbsp;&nbsp;&nbsp;&nbsp;&nbsp;&nbsp;&nbsp;&nbsp;&nbsp;&nbsp;&nbsp; Skeniranje i fotografisanje<\/p>\n<p>A-4 format 3,0&nbsp; KM&nbsp;&nbsp;&nbsp;&nbsp;&nbsp;&nbsp;&nbsp;&nbsp;&nbsp;&nbsp;&nbsp;&nbsp;&nbsp;&nbsp;&nbsp;&nbsp;&nbsp;&nbsp;&nbsp;&nbsp;&nbsp;&nbsp;&nbsp;&nbsp;&nbsp;&nbsp;&nbsp; A-4 format&nbsp;&nbsp; 5,0 KM<\/p>\n<p>A-3 format 5,0&nbsp; KM&nbsp;&nbsp;&nbsp;&nbsp;&nbsp;&nbsp;&nbsp;&nbsp;&nbsp;&nbsp;&nbsp;&nbsp;&nbsp;&nbsp;&nbsp;&nbsp;&nbsp;&nbsp;&nbsp;&nbsp;&nbsp;&nbsp;&nbsp;&nbsp;&nbsp;&nbsp;&nbsp; A-3 format 10,0 KM<\/p>\n<p>Za&nbsp; kori\u0161tenje arhivske gra\u0111e nastale nakon 1945. godine, napla\u0107uju se&nbsp; usluge kopiranja skeniranja i fotografisanja dokumenata po slijede\u0107im cijenama:<\/p>\n<p>Kopiranje &nbsp;&nbsp;&nbsp;&nbsp;&nbsp;&nbsp;&nbsp;&nbsp;&nbsp;&nbsp;&nbsp;&nbsp;&nbsp;&nbsp;&nbsp;&nbsp;&nbsp;&nbsp;&nbsp;&nbsp;&nbsp;&nbsp;&nbsp;&nbsp;&nbsp;&nbsp;&nbsp;&nbsp;&nbsp;&nbsp;&nbsp;&nbsp;&nbsp;&nbsp;&nbsp;&nbsp;&nbsp;&nbsp;&nbsp;&nbsp;&nbsp;&nbsp; Skeniranje i fotografisanje<\/p>\n<p>A-4 format po 0,5&nbsp; KM&nbsp;&nbsp;&nbsp;&nbsp;&nbsp;&nbsp;&nbsp;&nbsp;&nbsp;&nbsp;&nbsp;&nbsp;&nbsp;&nbsp;&nbsp;&nbsp;&nbsp;&nbsp;&nbsp;&nbsp;&nbsp;&nbsp; A-4 format 1,0 KM&nbsp;&nbsp;&nbsp;&nbsp;&nbsp;&nbsp;&nbsp;&nbsp;&nbsp;&nbsp;&nbsp;&nbsp;&nbsp;&nbsp;&nbsp;&nbsp;<\/p>\n<p>A-3 format po 0,8 KM&nbsp;&nbsp;&nbsp;&nbsp;&nbsp;&nbsp;&nbsp;&nbsp;&nbsp;&nbsp;&nbsp;&nbsp;&nbsp;&nbsp;&nbsp;&nbsp;&nbsp;&nbsp;&nbsp;&nbsp;&nbsp;&nbsp;&nbsp; A-3 format 1,0 KM<\/p>\n<p>Ukupna koli\u010dina, kopirane, skenirane, fotografisane arhivske i bibliote\u010dke gra\u0111e, po zahtjevima istra\u017eiva\u010da ograni\u010dava se na 10%&nbsp; arhivske jedinice.<\/p>\n<p>&nbsp;<\/p>\n<ol start=\"6\">\n<li>OSPOSOBLJAVANJE ZA RAD I RUKOVANJE ARHIVSKOM I REGISTRATURNOM GRA\u0110OM<\/li>\n<\/ol>\n<p>6.1. Seminar za za\u0161titu i obradu arhivske i registraturne gra\u0111e zaposlenika u registraturama (po polazniku)&nbsp; &nbsp; &nbsp; &nbsp; &nbsp; &nbsp; &nbsp; &nbsp; &nbsp; &nbsp; &nbsp; &nbsp; &nbsp; &nbsp; &nbsp; &nbsp; &nbsp; &nbsp; &nbsp; &nbsp; &nbsp; &nbsp; &nbsp; &nbsp; &nbsp; &nbsp; &nbsp; &nbsp; 500,00 KM<\/p>\n<p>6.2. Seminar za zaposlenike odgovorne za organizaciju poslova<\/p>\n<p>i upravljanje dokumentacijom (po polazniku)&nbsp; &nbsp; &nbsp; &nbsp; &nbsp; &nbsp; &nbsp; &nbsp; &nbsp; &nbsp; &nbsp; &nbsp; &nbsp; &nbsp; &nbsp; &nbsp; 400,00 KM<\/p>\n<p>6.3. Stru\u010dni ispit za za\u0161titu i obradu arhivske i registraturne gra\u0111e<\/p>\n<p>zaposlenika&nbsp; u&nbsp; registraturama&nbsp; &nbsp; &nbsp; &nbsp; &nbsp; &nbsp; &nbsp; &nbsp; &nbsp; &nbsp; &nbsp; &nbsp; &nbsp; &nbsp; &nbsp; &nbsp; &nbsp; &nbsp; &nbsp; 400 ,00 KM&nbsp;&nbsp;&nbsp;&nbsp;&nbsp;<\/p>\n<p>&nbsp;&nbsp;&nbsp;&nbsp;&nbsp;&nbsp;&nbsp;&nbsp;&nbsp;&nbsp;&nbsp;&nbsp;&nbsp;&nbsp;&nbsp;&nbsp;&nbsp;&nbsp;&nbsp; &nbsp;&nbsp;&nbsp;&nbsp;&nbsp;&nbsp;&nbsp;&nbsp;&nbsp;&nbsp;&nbsp;&nbsp;&nbsp;&nbsp;&nbsp;&nbsp;&nbsp;&nbsp;&nbsp;&nbsp;&nbsp;&nbsp;&nbsp;&nbsp;&nbsp;&nbsp;&nbsp;&nbsp;&nbsp;&nbsp;&nbsp;&nbsp;&nbsp;&nbsp;&nbsp;&nbsp;&nbsp;&nbsp;&nbsp;&nbsp;&nbsp;&nbsp;&nbsp;&nbsp;&nbsp;&nbsp;&nbsp;&nbsp;&nbsp;&nbsp;&nbsp;&nbsp;&nbsp;&nbsp;&nbsp;&nbsp;&nbsp;&nbsp;&nbsp;&nbsp;&nbsp;&nbsp;&nbsp;&nbsp;&nbsp;&nbsp;&nbsp;&nbsp;&nbsp;&nbsp;&nbsp;&nbsp;&nbsp;&nbsp;&nbsp;&nbsp;&nbsp;&nbsp;&nbsp;&nbsp;&nbsp;&nbsp;&nbsp;&nbsp;&nbsp;&nbsp;&nbsp;&nbsp;&nbsp;&nbsp;&nbsp;&nbsp;&nbsp;&nbsp;&nbsp;&nbsp;&nbsp;&nbsp;&nbsp;&nbsp;&nbsp;&nbsp; &nbsp;&nbsp;&nbsp;<br \/>\nTRO\u0160KOVI NAKNADE ZA POSUDBU ARHIVSKE GRA\u0110E<\/p>\n<p>6.4. Izrada za\u0161titne kopije originalne arhivske gra\u0111e (ovisno o koli\u010dini, prema cijeni fotokopiranja),<\/p>\n<p>6.5. U slu\u010daju nemogu\u0107nosti izrade za\u0161titne kopije, korisnik se obavezuje platiti Arhivu tro\u0161kove pratnje stru\u010dnog radnika Arhiva u svrhu kontrole originalne arhivske gra\u0111e (uklju\u010duje tro\u0161kove stru\u010dne pomo\u0107i i savjetovanja, tro\u0161kove tehni\u010dke usluge i putne tro\u0161kove).<\/p>\n<p>&nbsp;<\/p>\n<ol start=\"7\">\n<li>USLUGE TV SNIMANJA<\/li>\n<\/ol>\n<p>7.1. TV snimanje informativno-obrazovnog karaktera &nbsp;&nbsp;&nbsp;&nbsp;&nbsp; &nbsp;&nbsp;&nbsp;&nbsp;&nbsp;100,00KM\/sat<\/p>\n<ul>\n<li>svaki naredni sat &nbsp;&nbsp;&nbsp;&nbsp;&nbsp;&nbsp;&nbsp;&nbsp;&nbsp;&nbsp;&nbsp;&nbsp;&nbsp;&nbsp;&nbsp;&nbsp;&nbsp;&nbsp;&nbsp;30,00 KM<\/li>\n<li>u\u010de\u0161\u0107e stru\u010dnjaka (ovisno o u\u010de\u0161\u0107u )&nbsp; &nbsp; &nbsp; &nbsp; &nbsp; &nbsp; &nbsp; &nbsp; &nbsp; &nbsp; &nbsp; &nbsp; &nbsp; &nbsp; &nbsp; &nbsp; &nbsp; &nbsp;40,00 KM\/sat<\/li>\n<\/ul>\n<p>7.2. TV snimanje propagandno-komercijalnog karaktera 250,00 KM\/sat<\/p>\n<ul>\n<li>svaki naredni sat &nbsp;&nbsp;&nbsp;&nbsp;&nbsp; &nbsp;&nbsp;&nbsp;&nbsp;&nbsp;&nbsp;&nbsp;&nbsp;&nbsp;&nbsp;100,00 KM<\/li>\n<li>u\u010de\u0161\u0107e stru\u010dnjaka (ovisno o u\u010de\u0161\u0107u) &nbsp;&nbsp;&nbsp;&nbsp;&nbsp;&nbsp;&nbsp;&nbsp;&nbsp;&nbsp;&nbsp; &nbsp;&nbsp;&nbsp; &nbsp;&nbsp;&nbsp;&nbsp;&nbsp;&nbsp;&nbsp;&nbsp;&nbsp;10,00 KM-40,00 KM<\/li>\n<\/ul>\n<p>&nbsp;<\/p>\n<p>\u010clan 6.<\/p>\n<p>(Druge usluge)<\/p>\n<p>Usluge koje nisu obuhva\u0107ene ovom uredbom napla\u0107ivat \u0107e se prema posebnom sporazumu, odnosno ugovoru.<\/p>\n<p>Kompletnu Uredbu o uslugama i cijenama usluga Javne ustanove Historijski arhiv Sarajevo mo\u017eete pogledati <a href=\"http:\/\/www.arhivsa.ba\/wordpress\/?page_id=280\">ovdje<\/a>.<\/p>\n","protected":false},"excerpt":{"rendered":"<p>Obrasci zahtjeva koje trebate popuniti u JU Historijski arhiv Sarajevo: Zahtjev za istra\u017eivanje DN-spisa Zahtjev za istra\u017eivanje podataka Zahtjev za kori\u0161tenje arhivske i bibliote\u010dke gra\u0111e Zavisno od tra\u017eenih podataka iz institucija, preduze\u0107a ili \u0161kola \u010dija je dokumentacija kod nas pohranjena (i druge arhivske gra\u0111e), moraju se popuniti ta\u010dni podaci iz jednog od navedenih obrazaca. Stranke moraju zahtjev popuniti, predati i do\u0107i po njega li\u010dno. Svako istra\u017eivanje se napla\u0107uje (\u010dak i oni sa&#8230; <a class=\"continue-reading-link\" href=\"http:\/\/www.arhivsa.ba\/wordpress\/?page_id=913\">Vi\u0161e<\/a><\/p>\n","protected":false},"author":1,"featured_media":517,"parent":0,"menu_order":0,"comment_status":"closed","ping_status":"closed","template":"","meta":{"_uf_show_specific_survey":0,"_uf_disable_surveys":false,"ngg_post_thumbnail":0,"footnotes":""},"class_list":["post-913","page","type-page","status-publish","has-post-thumbnail","hentry"],"_links":{"self":[{"href":"http:\/\/www.arhivsa.ba\/wordpress\/index.php?rest_route=\/wp\/v2\/pages\/913","targetHints":{"allow":["GET"]}}],"collection":[{"href":"http:\/\/www.arhivsa.ba\/wordpress\/index.php?rest_route=\/wp\/v2\/pages"}],"about":[{"href":"http:\/\/www.arhivsa.ba\/wordpress\/index.php?rest_route=\/wp\/v2\/types\/page"}],"author":[{"embeddable":true,"href":"http:\/\/www.arhivsa.ba\/wordpress\/index.php?rest_route=\/wp\/v2\/users\/1"}],"replies":[{"embeddable":true,"href":"http:\/\/www.arhivsa.ba\/wordpress\/index.php?rest_route=%2Fwp%2Fv2%2Fcomments&post=913"}],"version-history":[{"count":6,"href":"http:\/\/www.arhivsa.ba\/wordpress\/index.php?rest_route=\/wp\/v2\/pages\/913\/revisions"}],"predecessor-version":[{"id":3678,"href":"http:\/\/www.arhivsa.ba\/wordpress\/index.php?rest_route=\/wp\/v2\/pages\/913\/revisions\/3678"}],"wp:featuredmedia":[{"embeddable":true,"href":"http:\/\/www.arhivsa.ba\/wordpress\/index.php?rest_route=\/wp\/v2\/media\/517"}],"wp:attachment":[{"href":"http:\/\/www.arhivsa.ba\/wordpress\/index.php?rest_route=%2Fwp%2Fv2%2Fmedia&parent=913"}],"curies":[{"name":"wp","href":"https:\/\/api.w.org\/{rel}","templated":true}]}}