{"id":733,"date":"2014-09-16T11:04:05","date_gmt":"2014-09-16T09:04:05","guid":{"rendered":"http:\/\/www.arhivsa.ba\/wordpress\/?page_id=733"},"modified":"2025-01-15T12:58:46","modified_gmt":"2025-01-15T10:58:46","slug":"spisak-zaposlenih-od-osnivanja-arhiva","status":"publish","type":"page","link":"http:\/\/www.arhivsa.ba\/wordpress\/?page_id=733","title":{"rendered":"Spisak svih zaposlenih od osnivanja Arhiva"},"content":{"rendered":"<p><strong>DEMIRD\u017dI\u0106 AHMED<\/strong><br \/>\n01.09.1948. &#8211; 25.08.1967.<\/p>\n<p><strong>ZILD\u017dI\u0106 MEHMED<\/strong><br \/>\n20.09.1948. &#8211; 18.03.1950.<\/p>\n<p><strong>SMILJANI\u0106 DARINKA<\/strong><br \/>\n02.02.1949. &#8211; 28.02.1951.<\/p>\n<p><strong>KURTOVI\u0106 \u0160UKRIJA<\/strong><br \/>\n02.02.1949. &#8211; 18.03.1950.<\/p>\n<p><strong>DIZDAR HAMID<\/strong><br \/>\n01.12.1950. &#8211; 31.07.1967.<\/p>\n<p><strong>ME\u0160ETOVI\u0106 VASVIJA<\/strong><br \/>\n29.03.1951. &#8211; 30.06.1987.<\/p>\n<p><strong>PAMU\u010cINA ANGELINA<\/strong><br \/>\n19.11.1951. &#8211; 01.02.1984.<\/p>\n<p><strong>BOGDANOVI\u0106 BRANKA<\/strong><br \/>\n15.12.1951. &#8211; 31.03.1952.;<br \/>\n01.06.1954. &#8211; 03.09.1954.<\/p>\n<p><strong>BU\u010cUK AHMED<\/strong><br \/>\n15.12.1951. &#8211; 31.07.1954.;<br \/>\n01.09.1955. &#8211; 01.05.1956.<\/p>\n<p><strong>MID\u017dI\u0106 RAZIJA<\/strong><br \/>\n04.02.1951. &#8211; 31.12.1955.;<br \/>\n01.09.1956. &#8211; 19.11.1966.<\/p>\n<p><strong>PA\u0160I\u0106 (PRCI\u0106) SAD\u017dIDA<\/strong><br \/>\n13.02.1952. &#8211; 20.07.1954.;<br \/>\n01.09.1956. &#8211; 22.09.1978.<\/p>\n<p><strong>ANDABAK RAVIJOJLA<\/strong><br \/>\n01.03.1952. &#8211; 28.02.1954.<\/p>\n<p><strong>DERIKONJA DARINKA<\/strong><br \/>\n01.04.1952. &#8211; 31.12.1960.<\/p>\n<p><strong>HAJDAREVI\u0106 RA\u0160ID<\/strong><br \/>\n01.05.1952. &#8211; 08.08.1970;<br \/>\n01.03.1971. &#8211; 15.07.1979.<\/p>\n<p><strong>KORI\u0106 SALIH<\/strong><br \/>\n01.10.1952. &#8211; 31.12.1953.<\/p>\n<p><strong>\u0106ATI\u0106 EDHEM<\/strong><br \/>\n01.01.1954. &#8211; 31.08.1966.<\/p>\n<p><strong>KORICA NADA<\/strong><br \/>\n01.03.1954. &#8211; 12.06.1955.<\/p>\n<p><strong>\u010cALKI\u0106 BEDRIJA<\/strong><br \/>\n01.03.1954. &#8211; 31.12.1954.<\/p>\n<p><strong>OPIJA\u010c ATIJA<\/strong><br \/>\n20.07.1954. &#8211; 30.05.1957.<\/p>\n<p><strong>TATAR IVANKA<\/strong><br \/>\n04.10.1954. &#8211; 15.01.1955.<\/p>\n<p><strong>\u0106URI\u0106 LJEPOSAVA<\/strong><br \/>\n11.10.1954. &#8211; 01.08.1955.<\/p>\n<p><strong>MIMOVI\u0106 MILOVAN<\/strong><br \/>\n15.06.1955. &#8211; 31.12.1955.<\/p>\n<p><strong>SILAJD\u017dI\u0106 MEDIHA<\/strong><br \/>\n15.06.1955. &#8211; 26.11.1978.<\/p>\n<p><strong>\u017dALICA ZORA<\/strong><br \/>\n01.11.1955. &#8211; 31.12.1960.<\/p>\n<p><strong>GREBO BEGAJETA<\/strong><br \/>\n01.12.1955. &#8211; 01.07.1967.<\/p>\n<p><strong>HAND\u017dI\u0106 IBRAHIM<\/strong><br \/>\n01.03.1957. &#8211; 30.09.1962.<\/p>\n<p><strong>ZIROJEVI\u0106 ZORA<\/strong><br \/>\n01.07.1957. &#8211; 15.08.1962.<\/p>\n<p><strong>HUNSKI VJEKOSLAVA<\/strong><br \/>\n15.09.1957. &#8211; 31.05.1972.<\/p>\n<p><strong>MEKI\u0106 MAGBULA<\/strong><br \/>\n16.10.1957. &#8211; 31.03.1960.<\/p>\n<p><strong>TOMI\u0106 RADMILA<\/strong><br \/>\n01.01.1958. &#8211; 15.09.1959.<\/p>\n<p><strong>VULETI\u0106 JELENA<\/strong><br \/>\n16.09.1959. &#8211; 31.07.1961.<\/p>\n<p><strong>MAHMUTOVI\u0106 SAFIJA<\/strong><br \/>\n04.01.1960. &#8211; 12.06.1970.<\/p>\n<p><strong>MAHMUTOVI\u0106 ISMET<\/strong><br \/>\n01.04.1960. &#8211; 30.09.1960.<\/p>\n<p><strong>HASIBOVI\u0106 FEHIM<\/strong><br \/>\n01.11.1960. &#8211; 17.12.1965.<\/p>\n<p><strong>JOVANOVI\u0106 MOMIR<\/strong><br \/>\n01.01.1961. &#8211; 31.12.2001.<\/p>\n<p><strong>HUMO DUNJA<\/strong><br \/>\n15.12.1961. &#8211; 15.02.1977.<\/p>\n<p><strong>KRALJA\u010cI\u0106 TOMISLAV<\/strong><br \/>\n15.10.1962. &#8211; 31.12.1965.<\/p>\n<p><strong>PITI\u0106 SEJDA<\/strong><br \/>\n15.06.1963. &#8211; 31.12.2002.<\/p>\n<p><strong>DRAGUTINOVI\u0106 BO\u017dO<\/strong><br \/>\n15.02.1965. &#8211; 01.02.1979.<\/p>\n<p><strong>BEGI\u0106 HAJRUDIN<\/strong><br \/>\n01.12.1966. &#8211; 01.08.1980.<\/p>\n<p><strong>MAD\u017dAR BO\u017dO<\/strong><br \/>\n01.11.1966. &#8211; 01.10.1970<\/p>\n<p><strong>RADOSAVLJEVI\u0106 EDITA<\/strong><br \/>\n01.06.1967. &#8211; 31.03.1976.<\/p>\n<p><strong>MILI\u010cI\u0106 BUDIMIR<\/strong><br \/>\n01.06.1967. &#8211; 01.05.1974.<\/p>\n<p><strong>SKOPLJAK MUSTAFA<\/strong><br \/>\n01.02.1968. &#8211; 31.01.1975.<\/p>\n<p><strong>DIV\u010cI\u0106 MARIJA<\/strong><br \/>\n01.12.1969. &#8211; 31.12.2001.<\/p>\n<p><strong>KARABA\u0160I\u0106 LATIFA<\/strong><br \/>\n01-07.1070. &#8211; 24.03.1979.<\/p>\n<p><strong>RAKOVI\u0106 MIRA<\/strong><br \/>\n21.09.1970. &#8211; 31.12.2004.<\/p>\n<p><strong>GU\u0160I\u0106 ISMET<\/strong><br \/>\n01.10.1970. &#8211; 15.03.1989.<\/p>\n<p><strong>\u010cANKOVI\u0106 MIODRAG<\/strong><br \/>\n16.01.1971. &#8211; 06.10.1990.<\/p>\n<p><strong>DIV\u010cI\u0106 JADRANKA<\/strong><br \/>\n01.07.1971. &#8211; 31.12.1971.<\/p>\n<p><strong>RA\u0160IDAGI\u0106 AMRA<\/strong><br \/>\n01.02.1972. &#8211; 03.05.1974.<\/p>\n<p><strong>BOBAN HILDA<\/strong><br \/>\n14.06.1974. &#8211; 17.03.1983.<\/p>\n<p><strong>BRATI\u0106 DRAGICA<\/strong><br \/>\n01.10.1974. &#8211; 10.09.1992.<\/p>\n<p><strong>\u0110URI\u0106 JOVANKA<\/strong><br \/>\n14.12.1974. &#8211; 30.04.1997.<\/p>\n<p><strong>ZAPLATA DU\u0160ANKA<\/strong><br \/>\n01.02.1975. &#8211; 01.08.1989.<\/p>\n<p><strong>SU\u0106ESKA ASIM<\/strong><br \/>\n01.10.1976. &#8211; 10.02.1983.<\/p>\n<p><strong>\u0106UR\u010cI\u0106 SAD\u017dIDA<\/strong><br \/>\n12.12.1976. &#8211; 07.07.1985.<\/p>\n<p><strong>DAVIDOVI\u0106 DAVID<\/strong><br \/>\n20.06.1977. &#8211; 25.05.1995.<\/p>\n<p><strong>POLOVINA FADILA<\/strong><br \/>\n13.10.1977. &#8211; 01.03.1978.<\/p>\n<p><strong>ALIBA\u0160I\u0106 FATIMA<\/strong><br \/>\n01.03.1978. &#8211; 01.09.1980.<\/p>\n<p><strong>\u0160AHOVI\u0106 EMINA<\/strong><br \/>\n02.03.1979. &#8211; 07.11.1982.<\/p>\n<p><strong>SMILJANI\u0106 MIRJANA<\/strong><br \/>\n03.01.1980. &#8211; 25.08.1088.<\/p>\n<p><strong>DU\u010cAJ FAZA<\/strong><br \/>\n01.09.1980. &#8211; 12.04.1981.<\/p>\n<p><strong>PILINDAVI\u0106 MILANKO<\/strong><br \/>\n13.11.1980. &#8211; 08.07.1991.<\/p>\n<p><strong>VUKMANOVI\u0106 MARA<\/strong><br \/>\n04.05.1981. &#8211; 09.06.1981.<\/p>\n<p><strong>GRCI\u0106 FATA<\/strong><br \/>\n16.07.1981. &#8211; 14.12.1991.<\/p>\n<p><strong>ZAKOMANC NEVZETA<\/strong><br \/>\n01.03.1983. &#8211; 01.01.1995.<\/p>\n<p><strong>ARNAUTOVI\u0106 HAJRUDIN<\/strong><br \/>\n23.11.1983. &#8211; 16.12.1984.<\/p>\n<p><strong>KNE\u017dEVI\u0106 LJILJANA<\/strong><br \/>\n14.04.1984. &#8211; 15.10.1984.<\/p>\n<p><strong>DRIN\u010cI\u0106 ZORAN<\/strong><br \/>\n16.04.1984. &#8211; 15.10.1984.<\/p>\n<p><strong>GRBELJA TON\u010cI<\/strong><br \/>\n01.09.1984. &#8211; 31.12.2002.<\/p>\n<p><strong>KARAMEHI\u0106 AIDA<\/strong><br \/>\n01.11.1984. &#8211; 31.09.1991.<\/p>\n<p><strong>MUJEZINOVI\u0106 AMILA<\/strong><br \/>\n10.06.1985. &#8211; 16.09.1996.<\/p>\n<p><strong>\u0110URAN STEVO<\/strong><br \/>\n24.06.1985. &#8211; 08.07.1992.<\/p>\n<p><strong>BARI\u0106 BENKA<\/strong><br \/>\n24.06.1985. &#8211; 30.04.1986.<\/p>\n<p><strong>KARA\u010cI\u0106 ADNAN<\/strong><br \/>\n15.04.1986. &#8211; 15.06.1986.<\/p>\n<p><strong>MEHI\u0106 ABAS<\/strong><br \/>\n15.04.1986. &#8211; 15.06.1986.<\/p>\n<p><strong>\u0160KAMO SEVADA<\/strong><br \/>\n15.04.1986. &#8211; 15.06.1986.<\/p>\n<p><strong>ME\u0160I\u0106 SUZANA<\/strong><br \/>\n13.03.1987. &#8211; 31.03.1987.<\/p>\n<p><strong>\u017dIGA HAMID<\/strong><br \/>\n22.04.1987. &#8211; 04.07.2007.<\/p>\n<p><strong>HAD\u017dIMEHMEDAGI\u0106 D\u017dENAN<\/strong><br \/>\n27.05.1987. &#8211; 30.11.1987.<\/p>\n<p><strong>ANDRI\u0106 MIRJANA<\/strong><br \/>\n27.05.1987. &#8211; 30.11.1987.<\/p>\n<p><strong>HAJDO HATID\u017dA<\/strong><br \/>\n05.10.1987. &#8211; 11.12.1987.<\/p>\n<p><strong>\u0160KAMO SEAD<\/strong><br \/>\n15.05.1989. &#8211; 31.03.1991.<\/p>\n<p><strong>GVOZDENOVI\u0106 DARKO<\/strong><br \/>\n01.07.1989. &#8211; 15.02.1992.<\/p>\n<p><strong>HAD\u017dIMURATOVI\u0106 AMRA<\/strong><br \/>\n01.11.1989. &#8211; 23.06.1990.<\/p>\n<p><strong>KABUDAJA ELMINA<\/strong><br \/>\n15.11.1989. &#8211; 15.05.1990.<\/p>\n<p><strong>ANKOVI\u0106 SR\u0110AN<\/strong><br \/>\n15.11.1989. &#8211; 15.05.1990.<\/p>\n<p><strong>DU\u010cI\u0106 ZAMO<\/strong><br \/>\n20.12.1991. &#8211; 31.08.1993.<\/p>\n<p><strong>GRBELJA MARIO<\/strong><br \/>\n20.12.1991. &#8211; 10.12.1992.<\/p>\n<p><strong>MAHMUTAGI\u0106 SEAD<\/strong><br \/>\n20.09.1996. &#8211; 08.04.2002.<\/p>\n<p><strong>TUKI\u0106 ISMET<\/strong><br \/>\n01.11.1996. &#8211; 01.05.1997.<\/p>\n<p><strong>KRE\u0160TALICA TAIBA<\/strong><br \/>\n01.05.1997. &#8211; 18.07.2001.<\/p>\n<p><strong>DERVI\u0160EVI\u0106 MUSTAFA<\/strong><br \/>\n02.02.1999. &#8211; 04.08.2006.<\/p>\n<p><strong>JOVAN MALE\u0160I\u0106<br \/>\n<\/strong>01.01.1980. &#8211; 31.8.2010<strong>.<br \/>\n<\/strong><\/p>\n<p><strong>MUHAMED MUSA<br \/>\n<\/strong>11.12.1972. &#8211; 30.9.2010.<strong><br \/>\n<\/strong><\/p>\n<p><strong>MU\u0160A DEDAJI\u0106<br \/>\n<\/strong>1.11.1996. &#8211; 30.11.2010.<strong><br \/>\n<\/strong><\/p>\n<p><strong>ANTONIJA JOKETOVI\u0106<br \/>\n<\/strong>1.5.1977. &#8211; 1.11.2007.<strong><br \/>\n<\/strong><\/p>\n<p><strong>MUJO KO\u0160TI\u0106<br \/>\n<\/strong>1.7.2008. &#8211; 1.10.2012.<strong><br \/>\n<\/strong><\/p>\n<p><strong>HUSO HOD\u017dI\u0106<br \/>\n<\/strong>7.12.1978. &#8211; 22.7.2013.<strong><br \/>\n<\/strong><\/p>\n<p><strong>DINO ZULUMOVI\u0106<br \/>\n<\/strong> 3.12.2012 &#8211; 3.2.2014.<\/p>\n<p><strong>MILENA GA\u0160I\u0106<br \/>\n<\/strong>15.03.1976. &#8211; 15.1.2018.<\/p>\n<p><strong>ATIF MU\u0160INOVI\u0106<\/strong><\/p>\n<p>05.11.2007. &#8211; 30.09.2021.<\/p>\n<p><strong>SEJDALIJA GU\u0160I\u0106<\/strong><\/p>\n<p>16.02.1981. &#8211; 30.11.2021.<\/p>\n<p><strong>MIRSADA AGI\u0106<\/strong><\/p>\n<p>09.12.1985. &#8211; 31.03.2023.<\/p>\n<p><strong>OMER BAJI\u0106<\/strong><\/p>\n<p>07.05.2002. &#8211; 26.02.2024.<\/p>\n<p><strong>ISMIHANA \u010cERKEZ<\/strong><\/p>\n<p>02.02.1981. &#8211; 10.09.1992.\/01.07.1997. &#8211; 31.12.2024.<\/p>\n<p><strong>D\u017dEMILA \u010cEKI\u0106<\/strong><\/p>\n<p>21.05.2002. &#8211; 31.12.2024.<\/p>\n","protected":false},"excerpt":{"rendered":"<p>DEMIRD\u017dI\u0106 AHMED 01.09.1948. &#8211; 25.08.1967. ZILD\u017dI\u0106 MEHMED 20.09.1948. &#8211; 18.03.1950. SMILJANI\u0106 DARINKA 02.02.1949. &#8211; 28.02.1951. KURTOVI\u0106 \u0160UKRIJA 02.02.1949. &#8211; 18.03.1950. DIZDAR HAMID 01.12.1950. &#8211; 31.07.1967. ME\u0160ETOVI\u0106 VASVIJA 29.03.1951. &#8211; 30.06.1987. PAMU\u010cINA ANGELINA 19.11.1951. &#8211; 01.02.1984. BOGDANOVI\u0106 BRANKA 15.12.1951. &#8211; 31.03.1952.; 01.06.1954. &#8211; 03.09.1954. BU\u010cUK AHMED 15.12.1951. &#8211; 31.07.1954.; 01.09.1955. &#8211; 01.05.1956. MID\u017dI\u0106 RAZIJA 04.02.1951. &#8211; 31.12.1955.; 01.09.1956. &#8211; 19.11.1966. PA\u0160I\u0106 (PRCI\u0106) SAD\u017dIDA 13.02.1952. &#8211; 20.07.1954.; 01.09.1956. &#8211; 22.09.1978. ANDABAK RAVIJOJLA 01.03.1952. &#8211;&#8230; <a class=\"continue-reading-link\" href=\"http:\/\/www.arhivsa.ba\/wordpress\/?page_id=733\">Vi\u0161e<\/a><\/p>\n","protected":false},"author":1,"featured_media":517,"parent":134,"menu_order":0,"comment_status":"closed","ping_status":"closed","template":"","meta":{"_uf_show_specific_survey":0,"_uf_disable_surveys":false,"ngg_post_thumbnail":0,"footnotes":""},"class_list":["post-733","page","type-page","status-publish","has-post-thumbnail","hentry"],"_links":{"self":[{"href":"http:\/\/www.arhivsa.ba\/wordpress\/index.php?rest_route=\/wp\/v2\/pages\/733","targetHints":{"allow":["GET"]}}],"collection":[{"href":"http:\/\/www.arhivsa.ba\/wordpress\/index.php?rest_route=\/wp\/v2\/pages"}],"about":[{"href":"http:\/\/www.arhivsa.ba\/wordpress\/index.php?rest_route=\/wp\/v2\/types\/page"}],"author":[{"embeddable":true,"href":"http:\/\/www.arhivsa.ba\/wordpress\/index.php?rest_route=\/wp\/v2\/users\/1"}],"replies":[{"embeddable":true,"href":"http:\/\/www.arhivsa.ba\/wordpress\/index.php?rest_route=%2Fwp%2Fv2%2Fcomments&post=733"}],"version-history":[{"count":15,"href":"http:\/\/www.arhivsa.ba\/wordpress\/index.php?rest_route=\/wp\/v2\/pages\/733\/revisions"}],"predecessor-version":[{"id":7184,"href":"http:\/\/www.arhivsa.ba\/wordpress\/index.php?rest_route=\/wp\/v2\/pages\/733\/revisions\/7184"}],"up":[{"embeddable":true,"href":"http:\/\/www.arhivsa.ba\/wordpress\/index.php?rest_route=\/wp\/v2\/pages\/134"}],"wp:featuredmedia":[{"embeddable":true,"href":"http:\/\/www.arhivsa.ba\/wordpress\/index.php?rest_route=\/wp\/v2\/media\/517"}],"wp:attachment":[{"href":"http:\/\/www.arhivsa.ba\/wordpress\/index.php?rest_route=%2Fwp%2Fv2%2Fmedia&parent=733"}],"curies":[{"name":"wp","href":"https:\/\/api.w.org\/{rel}","templated":true}]}}