{"id":608,"date":"2014-09-12T15:21:30","date_gmt":"2014-09-12T13:21:30","guid":{"rendered":"http:\/\/www.arhivsa.ba\/wordpress\/?page_id=608"},"modified":"2014-10-29T11:15:43","modified_gmt":"2014-10-29T09:15:43","slug":"grada","status":"publish","type":"page","link":"http:\/\/www.arhivsa.ba\/wordpress\/?page_id=608","title":{"rendered":"Gra\u0111a"},"content":{"rendered":"<p>GAAD BIH (3) GRA\u0110A<\/p>\n<p><em>Reference no. 404-463<\/em><\/p>\n<p>404. AN\u010cI\u0106, dr MLADEN: Pet dokumenata za povijest isto\u010dno jadranskog zale\u0111a na po\u010detku XV stolje\u0107a. &#8211; 1989, sv. 29, str. 159-168. Dokumenti su dati na latinskom.<\/p>\n<p>405. DIZDAR, HAMID: Projekat Radivoja Dinulovi\u0107a za osnivanje dr\u017eavnog pozori\u0161ta za BiH 1912.godine. &#8211; 1963, sv. 3, str. 357-363.<\/p>\n<p>406. DIZDAR, HAMID: Popis hanova, karanlta i prosijaka u Sarajevu 1878. I 1879.godine. &#8211; 1961, sv. 1, str. 319-326. Objavljena 2 dokumenta iz Zbirke poklona i otkupa u Istorijskom arhivu Sarajeva.<\/p>\n<p>407. \u0110AKOVI\u0106, dr LUKA: Bilje\u0161ke uz &#8220;Dnevnik iz svjetskog rata&#8221; Istvana Brniana od 1.januara 1917,-1.januara 1919.godine. &#8211; 1976-1977, sv. 16-17, str. 209-247. Original dnevnika nalazi se u Mad\u017earskom dr\u017eavnom arhivu.<\/p>\n<p>408. GU\u0160I\u0106, SEJDALIJA: Rije\u010dnici u rukopisima na orijentalnim jezicima u Istorijskom arhivu Sarajevo. &#8211; 1987, 27 , str. 135-138.<\/p>\n<p>409. HAD\u017dI\u0106, \u0160ABAN: Poziv Had\u017ei Muje Mehovi\u0107a upu\u0107en bosanskim muslimanima i hri\u0161\u0107anima. &#8211; 1961, sv. 1, str. 327-332.<\/p>\n<p>410. HAD\u017dIMURATOVI\u0106, EMIRA: Tehni\u010dki odjeljak pri Sreskom na\u010delstvu. Sarajevo. &#8211; 1994-95, sv. 33, str.<\/p>\n<p>411. HAJDARHOD\u017dI\u0106, HAMDIJA: 20 izvje\u0161taja o stola\u010dkim Rizvanbegova\u0107ima (1811-1812). &#8211; 1974-1975, sv. 14-15, str. 253-277. Prevod i neki izvje\u0161taji su dati na talijanskom.<\/p>\n<p>412. HAJDAROVI\u0106, RA\u0160ID: Jedan popis uhap\u0161enih du\u017enika u Sarajevu iz godine 1843-1844. &#8211; 1964-1965, sv. 4-5, str. 331-356. Objavljen defter koji se nalazi u Istorijskom arhivu Sarajevo.<\/p>\n<p>413. HASANDEDI\u0106, HIVZIJA: Tvr\u0111ave (kule) i bedem u starom Mostaru. &#8211; 1972-73, 12-13 , str. 267-274.<\/p>\n<p>414. HAUPTMANNN, dr FEDRO: Memorandum \u0161efa Finansijskog odijeljenja bosanskohercegova\u010dke Zemaljske vlade Plenkera o finansijskoj problematici BiH u prvim godinama austrougarske okupacije. &#8211; 1968-1969, sv. 8-9, str. 511-574. Na kraju je dat prolog na njema\u010dkom.<\/p>\n<p>415. HAUPTMANN, dr FEDRO: Bosanske finansije i Kallayeva industrijska politika. &#8211; 1972-73, 12-13 , str. 59-84.<\/p>\n<p>416. HLATKY, dr LADISLAV: Nekoliko \u010de\u0161kih izvora o formiranju Socijaldemokratske partije u BiH. (Sa \u010de\u0161kog preveo: dr Bogdan L.Dabi\u0107). &#8211; 1988, sv. 28, str. 155-167. Dokumenti su dati na \u010de\u0161kom.<\/p>\n<p>417. ISOVI\u0106, KASIM: Prilike u radni\u010dkom pokretu BiH 1919. I 1920.godine. &#8211; 1968-1969, sv. 8-9, str. 295-510.<\/p>\n<p>418. ISOVI\u0106, KASIM: Odjeci i uticaji Oktobarske revolucije na prilike u radni\u010dkom pokretu BiH (1917-1921). &#8211; 1967, sv. 7, str. 148-169. Neki prilozi su dati na njema\u010dkom, a neki na srpskohrvatskom. Gra\u0111a je Arhiva BiH i Arhiva Bosanske krajine.<\/p>\n<p>419. JOVANOVI\u0106, MOMIR: Nu\u0161i\u0107 i sarajevsko pozori\u0161te (1925-1928). &#8211; 1980-81, 20-21, str. 223-242.<\/p>\n<p>420. KAPID\u017dI\u0106, dr HAMDIJA: Ukidanje funkcije civilnog adlatusa.(Diskusija i odluka zajedni\u010dke austrougarske vlade). &#8211; 1961, sv. 1, str. 333-338. Zapisnik sjednice Zajedni\u010dke vlade od 14.marta 1912.g. dat je na njema\u010dkom. Original se nalazi i Hausu.<\/p>\n<p>421. KAPID\u017dI\u0106, dr HAMDIJA: Posredovanje Bilinskog kod Tise za rje\u0161avanje politi\u010dke krize u Hrvatskoj. (Pismo dr Du\u0161ana Popovi\u0107a dr-u Bo\u017eidaru \u0106erovi\u0107u). &#8211; 1961, sv. 1, str. 339-344. Komentat i obrada dokumenta koji se nalaze u Arhivu BiH.<\/p>\n<p>422. KAPID\u017dI\u0106, dr HAMDIJA: Dva priloga novijoj istoriji BiH (1. General Aufenberg o politi\u010dkoj situaciji u BiH krajem 1909. i po\u010detkom 1910.godine; 2. \u0160ek: Bosna i Hercegovina &#8211; ustavne prilike). &#8211; 1962, sv. 2, str. 293-307, 307-328. Izvje\u0161taji su pisani na njema\u010dkom, a i naknadni tekst je tako\u0111e.<\/p>\n<p>423. KAPID\u017dI\u0106, dr HAMDIJA: Dr Du\u0161an Popovi\u0107 i atentat na \u0160kerleca. &#8211; 1962, sv. 2, str. 329-333.<br \/>\nTelegram je dat na njema\u010dkom.<\/p>\n<p>424. KAPID\u017dI\u0106, dr HAMDIJA: Rad narodnog vije\u0107a SHS BiH u novembru i decembru 1918.godine. &#8211; 1963, sv. 3, str. 147-328.<\/p>\n<p>425. KAPID\u017dI\u0106, dr HAMDIJA: Austrougarske centaralne vlasti i omladinski pokret u BiH neposredno poslije sarajevskog atentata. &#8211; 1964-1965, sv. 4-5, str. 397-461. Zapisnici su dati na njema\u010dkom.<\/p>\n<p>426. KAPID\u017dI\u0106, dr HAMDIJA: BiH za vrijeme I svjetskog rata. (Dr\u017eanje austrougarskih vlasti prema jugoslovenskom pitanju i stvaranju jugoslovenske dr\u017eave). &#8211; 1966,VI , str. 195-355. Uvod je dat na srpskohrvatskom, a ostali tekst je na njema\u010dkom.<\/p>\n<p>427. KAPID\u017dI\u0106, dr HAMDIJA: Izvje\u0161taji dr Karla Pa\u010da o Mogorjelu. &#8211; 1967, sv. 7, str. 571-618. Izvje\u0161taji i prilozi su dati na njema\u010dkom.<\/p>\n<p>428. KAPID\u017dI\u0106, dr HAMDIJA: Ispisi iz be\u010dkih arhiva o predistoriji I svjetskog rata. &#8211; 1970-1971, sv. 10-11, str. 465-537. \u010citav tekst je dat na njema\u010dkom.<\/p>\n<p>429. KAPID\u017dI\u0106, dr HAMDIJA: Ispisi iz be\u0107kih arhiva-prilozi politi\u010dkoj istoriji BiH. &#8211; 1972-73, 12-13 , str. 275-310. \u010citav tekst je njema\u010dkom.<\/p>\n<p>430. KARASEV, V.G. &#8211; KONDRAT&#8217;EVA, V.N.: Vaso Pelagi\u0107 i banjalukskaja pravoslavnaja seminarija. &#8211; 1966, sv. 6, str. 357-368. Tekst je na ruskom, a kratak sadr\u017eaj na srpskohrvatskom.<\/p>\n<p>431. KECMANOVI\u0106, dr ILIJA: Iz \u0160anti\u0107eve prepiske. (Prilog izu\u010davanju kulturnih veza Bosne sa Vojvodinom). &#8211; 1961, sv. 1, str. 299-309. Izdvojeno 14 pisama A. \u0160anti\u0107a iz rukopisne zbirke Matice srpske.<\/p>\n<p>432. KECMANOVI\u0106, dr ILIJA: Dva pisma Petra Uzelca. (Prilog prou\u010davanju istorije bosanskog ustanka). &#8211; 1961, sv. 1, str. 310-318. Objavljena pisma upu\u0107ena Danilu Petranovi\u0107u, a nalaze se u privatnom vlasni\u0161tvu.<\/p>\n<p>433. KECMANOVI\u0106, dr ILIJA: Jedna epizoda iz borbe BiH za crkveno-\u0161kolsku autonomiju. &#8211; 1964-1965, sv. 4-5, str. 369-396. Objavljen je memorandum koji je napisan 1902.g. i to na njema\u010dkom, a potpisali su ga Stevo Trifkovi\u0107, Mihailo Jovi\u010di\u0107, Gligorije M. Jeftanovi\u0107, Vojislav V. \u0160ola. Memorandum se nalazi u Srpskoj akademiji nauka i umjetnosti.<\/p>\n<p>434. KECMANOVI\u0106, dr ILIJA: Izvje\u0161taji povjerenika o prilikama u Bosni od 1848-1854.godine. &#8211; 1962, sv. 2, str. 251-291. Manje poznate rije\u010di i izrazi su dati. Objavljena pisma Hristifora Bogdanovi\u0107a.<\/p>\n<p>435. KOVA\u010cEVI\u0106, MATKO: Izvorna gra\u0111a o Jevrejima u fondovima i zbirkama arhiva BiH. &#8211; 1992-1993, sv. 32, str. 53-62. Na kraju je dat kratak sadr\u017eaj.<\/p>\n<p>436. KOVA\u010cI\u0106, dr SLAVKO: &#8220;Od \u0110akova do Beograda&#8221; (rukopis fra Antuna Kne\u017eevi\u0107a). &#8211; 1978-1979, sv. 18-19 , str. 365-384. (\u0107ir.) Objavljen dio rukopisa &#8220;Varica&#8221; koji se \u010duva u Arhivu Franjeva\u010dkog samostana u Jajcu. O putovanju A.Kne\u017eevi\u0107a u Srbiju u svojstvu Strossmajerova izaslanika sa zadatkom da potakne srpske politi\u010dare da pomognu Bosni u borbi protiv osmanlija.<\/p>\n<p>437. KRALJEVI\u0106, GOJKO: Fra Mate Kristi\u010devi\u0107, kroni\u010dar 18. I 19. Vijek. &#8211; 1976-1977, sv. 16-17, str. 247-254. Odlomak iz djela Enchiridion (priru\u010dnik za franjevce) koje se \u010duva u Arhivu Franjeva\u010dkog samostana u Fojnici.<\/p>\n<p>438. KRIZMAN, dr BOGDAN: Diplomatska prepiska predstavnika Kraljevine SHS na Pari\u0161koj mirovnoj konferenciji (15.I 1919. &#8211; 20.VI 1919.). &#8211; 1962, sv. 2, str. 335-392. Neke prepiske su date na francuskom, a neke na njema\u010dkom.<\/p>\n<p>439. KRU\u0160EVAC, TODOR: Preuzimanje \u010dasopisa &#8220;Pregled&#8221; 1928.godine. &#8211; 1972-73, 12-13 , str. 259-266.<\/p>\n<p>440. KRU\u0160EVAC, TODOR: Razvojni put trgovine gra\u0111e Sarajeva u periodu izme\u0111u dva rata (1918-1941). &#8211; 1972-73, 12-13 , str. 121-200.<\/p>\n<p>441. LOVRENOVI\u0106-ZEBA, KRUNOSLAVA: Izvje\u0161taj kustosa dr Mihovila Mandi\u0107a o rezultatima nau\u010dnih ekskurzija u travni\u010dkoj okolini. &#8211; 1991, sv. 31, str. 217-221. (\u0107ir.)<\/p>\n<p>442. LOVRENOVI\u0106-ZEBA, KRUNOSLAVA: Kratak istorijat Hrvatskog kulturnog i prosvjetnog dru\u0161tva NAPREDAK i osnivanje podru\u017enica NAPRETKA u Zagrebu. &#8211; 1994-95, sv. 33, str.<\/p>\n<p>443. MADACKI, SA\u0160A: Molba za osnivanje Narodnog pozori\u0161ta u Sarajevu 1919.godine. &#8211; 1994-95, sv. 33, str.<\/p>\n<p>444. MAD\u017dAR, dr BO\u017dO: Izvje\u0161taj Vladinog komesara za glavni grad BiH Sarajevo o politi\u010dkoj i privrednoj situaciji u Sarajevu od sarajevskog atentata do kraja januara 1915.godine. &#8211; 1986, sv. 26, str. 205-242. Tekst je dat na njema\u010dkom.<\/p>\n<p>445. MAD\u017dAR, dr BO\u017dO: Osnivanje i prva pravila skija\u0161kog kluba u Sarajevu 1928.g. &#8211; 1985, sv. 25, str. 257-262.<\/p>\n<p>446. MAD\u017dAR, dr BO\u017dO: Dvije predstavke mostarskih Srba caru Franji Josipu protiv okupacione uprave iz 1880.g. &#8211; 1983-1984, sv. 23-24, str. 231-245. (\u0107ir.) Objavljen dokumenat koji se odnosi na borbu Srba za crkveno-\u0161kolsku samoupravu.<\/p>\n<p>447. MAD\u017dAR, dr BO\u017dO: Djelatnost komunisti\u010dkih poslanika u BiH od Obznane do Zakona o za\u0161tit dr\u017eave. &#8211; 1978-1979, sv. 18-19, str. 241-285. (\u0107ir.)<\/p>\n<p>448. MAD\u017dAR, dr BO\u017dO: Izvje\u0161taji austrougarskog generalnog konzula Vasi\u0107a upu\u0107en ministru vanjskih poslova grofu Andra\u0161iju u Be\u0107 od septembra 1875. do juna 1876.godine. &#8211; 1974-1975, sv. 14-15, str. 238-298. Objavljeni dokumenti iz Dr\u017eavno arhiva u Be\u0107u o Bosansko-hercegova\u010dkom ustanku. Uvod je dat na srpskohrvatskom, a izvje\u0161taji na njema\u010dkom.<\/p>\n<p>449. MAD\u017dAR, dr BO\u017dO: Dlelovanje Trgova\u010dke i obrtni\u010dke komore za BiH od osnivanja 1909. Do kraja austrougarske uprave. &#8211; 1972-72, 12-13 , str. 201-238.<\/p>\n<p>450. MARKOVI\u0106, STIPO: Uspomene don Stjepana Kre\u0161i\u0107a iz bosanskog ustanka 1875-1878.g. &#8211; 1970-1971, sv. 10-11, str. 411- 464.<\/p>\n<p>451. PETROVI\u0106, dr RADOSLAV: Pogled na Bosnu (1864.g.) i Hercegovinu (1868.g) sedamdesetih godina XIX.vijeka. &#8211; 1978-1979, sv. 18-19 , str.287-365. (\u0107ir.) Objavljena dva izvje\u0161taj konzula Kraljevine Italije u Sarajevu \u0106ezare Duranda (Cezare Durando). Izvje\u0161taji su dat na talijanskom.<\/p>\n<p>452. PETROVI\u0106, dr RADOSLAV: Zabilje\u0161ke dr Pere \u010cingrije o Hercegova\u010dkom ustanku (1875-1878). &#8211; 1964-65, str. 357-367.<\/p>\n<p>453. RADMANOVI\u0106, NEBOJ\u0160A: Zapisnik godi\u0161nje Skup\u0161tine kluba akademi\u010dara Banja Luka (KAB-a) odr\u017eane 8.IX 1935.g. &#8211; 1982, sv. 22, str. 231-250. Zapisnik je objavljen u cijelosti.<\/p>\n<p>454. RADMANOVI\u0106, NEBOJ\u0160A: Banjalu\u010dki okrug 1920.g. (Izvje\u0161taj na\u010delnika okruga banjalu\u010dkog od 25.juna 1925.godine). &#8211; 1980-1981, sv. 20-21, str. 193-221. Objavljen izvje\u0161taj Jovan M. Todorovi\u0107a.<\/p>\n<p>455. SARI\u0106, SAMIJA: Zapisnik ureda za izbjeglice Velike \u017eupe Vehbosna u Sarajevu od 1.o\u017eujka 1942.g. &#8211; 1992-1993, sv. 32, str. 63-71.<\/p>\n<p>456. SARI\u0106, SAMIJA: Gra\u0111a o \u0161trajkovima iz fonda Oblasne inspekcije rada u Sarajevu 1919-1929.g. &#8211; 1980-1981, sv. 20-21, str.163-191.<\/p>\n<p>457. SARI\u0106, SAMIJA: Prilog izu\u010davanju istorije Narodnog pozori\u0161ta u Sarajevu. &#8211; 1994-95, sv. 33, str.<\/p>\n<p>458. \u0160AMI\u0106, dr MIDHAT: Opis putovanja Pjera Leskalopjea kroz na\u0161e zemlje 1574.g. &#8211; 1963, sv. 3, str. 329-355.<br \/>\nPrevod i kratak sadr\u017eaj su dati na francuskom.<\/p>\n<p>459. \u0160LJIVO, dr GALIB: Djelimi\u010dan popis bosanskih iseljenika u toku trajanja krimskog rata. &#8211; 1990, sv. 30, str. 117-178. Date su tabele.<\/p>\n<p>460. \u0160UNJI\u0106, dr MARKO: Trojanski izvje\u0161taji o turskom osvajanju Bosne (1463). &#8211; 1989, sv. 29, str. 139-157. Izvje\u0161taji su dati na talijanskom.<\/p>\n<p>461. VR\u017dINA, DU\u0160AN: Prva pravila dobrovoljnog vatrogasnog dru\u0161tva u Banjaluci 1883.g. &#8211; 1985, sv. 25, str. 263-270.<\/p>\n<p>462. VR\u017dINA, DU\u0160AN: Gra\u0111a o prvomajskim proslavama u okrugu banjalu\u010dkom 1919.i 1920.godine. &#8211; 1982, sv. 22, str. 209-229.<\/p>\n<p>463. ZAHIROVI\u0106, mr \u0160ABAN: Rije\u010dnici u rukopisima orijentalnih zbirki u Mostaru standardni tip. &#8211; 1987, 27 , str. 121-133. Na kraju je data literatura koja je kori\u0161tena.<\/p>\n","protected":false},"excerpt":{"rendered":"<p>GAAD BIH (3) GRA\u0110A Reference no. 404-463 404. AN\u010cI\u0106, dr MLADEN: Pet dokumenata za povijest isto\u010dno jadranskog zale\u0111a na po\u010detku XV stolje\u0107a. &#8211; 1989, sv. 29, str. 159-168. Dokumenti su dati na latinskom. 405. DIZDAR, HAMID: Projekat Radivoja Dinulovi\u0107a za osnivanje dr\u017eavnog pozori\u0161ta za BiH 1912.godine. &#8211; 1963, sv. 3, str. 357-363. 406. DIZDAR, HAMID: Popis hanova, karanlta i prosijaka u Sarajevu 1878. I 1879.godine. &#8211; 1961, sv. 1, str. 319-326. Objavljena&#8230; <a class=\"continue-reading-link\" href=\"http:\/\/www.arhivsa.ba\/wordpress\/?page_id=608\">Vi\u0161e<\/a><\/p>\n","protected":false},"author":1,"featured_media":517,"parent":584,"menu_order":0,"comment_status":"closed","ping_status":"closed","template":"","meta":{"_uf_show_specific_survey":0,"_uf_disable_surveys":false,"ngg_post_thumbnail":0,"footnotes":""},"class_list":["post-608","page","type-page","status-publish","has-post-thumbnail","hentry"],"_links":{"self":[{"href":"http:\/\/www.arhivsa.ba\/wordpress\/index.php?rest_route=\/wp\/v2\/pages\/608","targetHints":{"allow":["GET"]}}],"collection":[{"href":"http:\/\/www.arhivsa.ba\/wordpress\/index.php?rest_route=\/wp\/v2\/pages"}],"about":[{"href":"http:\/\/www.arhivsa.ba\/wordpress\/index.php?rest_route=\/wp\/v2\/types\/page"}],"author":[{"embeddable":true,"href":"http:\/\/www.arhivsa.ba\/wordpress\/index.php?rest_route=\/wp\/v2\/users\/1"}],"replies":[{"embeddable":true,"href":"http:\/\/www.arhivsa.ba\/wordpress\/index.php?rest_route=%2Fwp%2Fv2%2Fcomments&post=608"}],"version-history":[{"count":1,"href":"http:\/\/www.arhivsa.ba\/wordpress\/index.php?rest_route=\/wp\/v2\/pages\/608\/revisions"}],"predecessor-version":[{"id":609,"href":"http:\/\/www.arhivsa.ba\/wordpress\/index.php?rest_route=\/wp\/v2\/pages\/608\/revisions\/609"}],"up":[{"embeddable":true,"href":"http:\/\/www.arhivsa.ba\/wordpress\/index.php?rest_route=\/wp\/v2\/pages\/584"}],"wp:featuredmedia":[{"embeddable":true,"href":"http:\/\/www.arhivsa.ba\/wordpress\/index.php?rest_route=\/wp\/v2\/media\/517"}],"wp:attachment":[{"href":"http:\/\/www.arhivsa.ba\/wordpress\/index.php?rest_route=%2Fwp%2Fv2%2Fmedia&parent=608"}],"curies":[{"name":"wp","href":"https:\/\/api.w.org\/{rel}","templated":true}]}}