{"id":5278,"date":"2022-03-04T09:55:12","date_gmt":"2022-03-04T07:55:12","guid":{"rendered":"http:\/\/www.arhivsa.ba\/wordpress\/?page_id=5278"},"modified":"2025-02-03T16:22:25","modified_gmt":"2025-02-03T14:22:25","slug":"konkursi","status":"publish","type":"page","link":"http:\/\/www.arhivsa.ba\/wordpress\/?page_id=5278","title":{"rendered":"Konkursi \/ Oglasi"},"content":{"rendered":"\n<p><strong>2025. godina<\/strong><\/p>\n\n\n\n<p><a href=\"http:\/\/www.arhivsa.ba\/wordpress\/wp-content\/uploads\/2025\/01\/Javni-oglas-3.pdf\">Javni oglas za prijem u radni odnos na neodre\u0111eno vrijeme<\/a><\/p>\n\n\n\n<ul class=\"wp-block-list\">\n<li>Arhivski tehni\u010dar, u Odsjek za smje\u0161taj, kori\u0161tenje i tehni\u010dku za\u0161titu arhivske gra\u0111e i knji\u017enog fonda (SSS, jedan izvr\u0161ilac)<\/li>\n<\/ul>\n\n\n\n<p><a href=\"http:\/\/www.arhivsa.ba\/wordpress\/wp-content\/uploads\/2025\/01\/ispitna-pitanja-tehnicar.pdf\">Ispitna pitanja za radno mjesto Arhivski tehni\u010dar, propisi i literatura<\/a><\/p>\n\n\n\n<p><a href=\"http:\/\/www.arhivsa.ba\/wordpress\/wp-content\/uploads\/2025\/01\/Spisak-kandidata-koji-su-izasli-na-pismeni-ispit.pdf\">Spisak kandidata koji su iza\u0161li na pismeni ispit po Javnom oglasu za prijem u radni odnos na neodre\u0111eno vrijeme odr\u017ean 24.01.2024. sa ostvarenim rezultatima<\/a><\/p>\n\n\n\n<p><a href=\"http:\/\/www.arhivsa.ba\/wordpress\/wp-content\/uploads\/2025\/02\/Lista-uspjesnih-kandidata-za-radno-mjesto-Arhivski-tehnicar.pdf\">Lista uspje\u0161nih kandidata po Javnom oglasu<\/a><\/p>\n\n\n\n<p><a href=\"http:\/\/www.arhivsa.ba\/wordpress\/wp-content\/uploads\/2025\/02\/Tabelarni-prikaz-ostvarenih-bodova-za-radno-mjesto-Arhivski-tehnicar.pdf\">Tabelarni prikaz ostvarenih bodova po Javnom oglasu<\/a><\/p>\n\n\n\n<p>Odluka o prijemu u radni odnos po Javnom oglasu<\/p>\n\n\n\n<p><a href=\"http:\/\/www.arhivsa.ba\/wordpress\/wp-content\/uploads\/2025\/02\/Odluka-o-prijemu-u-radni-odnos-za-radno-mjesto-Arhivski-tehnicar.pdf\">Odluka 02-246-1\/25<\/a><\/p>\n\n\n\n<p>______________________________________________________________________________________________________<\/p>\n\n\n\n<p><a href=\"http:\/\/www.arhivsa.ba\/wordpress\/wp-content\/uploads\/2025\/01\/Javni-konkurs-2.pdf\">Javni konkurs za prijem u radni odnos na neodre\u0111eno vrijeme<\/a><\/p>\n\n\n\n<ul class=\"wp-block-list\">\n<li>Sekretar\/Rukovodilac Odsjeka za op\u0107e-pravne poslove i za\u0161titu gra\u0111e izvan arhiva (VSS, jedan izvr\u0161ilac)<\/li>\n<\/ul>\n\n\n\n<p><a href=\"http:\/\/www.arhivsa.ba\/wordpress\/wp-content\/uploads\/2025\/01\/ispitna-pitanja-sekretar.pdf\">Ispitna pitanja za radno mjesto Sekretar\/Rukovodilac, propisi i literatura<\/a><\/p>\n\n\n\n<p><a href=\"http:\/\/www.arhivsa.ba\/wordpress\/wp-content\/uploads\/2025\/01\/Spisak-kandidata-koji-su-izasli-na-pismeni-ispit-za-prijem-u-radni-odnos-.pdf\">Spisak kandidata koji su iza\u0161li na pismeni ispit po Javnom konkursa za prijem u radni odnos na neodre\u0111eno vrijeme odr\u017ean 24.01.2024. sa ostvarenim rezultatima<\/a><\/p>\n\n\n\n<p><a href=\"http:\/\/www.arhivsa.ba\/wordpress\/wp-content\/uploads\/2025\/02\/Lista-uspjesnih-kandidata-za-radno-mjesto-sekretar-rukovodilac-Odsjeka.pdf\">Lista uspje\u0161nih kandidata po Javnom konkursu<\/a><\/p>\n\n\n\n<p><a href=\"http:\/\/www.arhivsa.ba\/wordpress\/wp-content\/uploads\/2025\/02\/Tabelarni-prikaz-ostvarenih-bodova-za-radno-mjesto-Sekretar-i-Rukovodilac-Odsjeka-za-opce-pravne-poslove-i-zastitu-grade-izvan-Arhiva.pdf\">Tabelarni prikaz ostvarenih bodova po Javnom konkursu<\/a><\/p>\n\n\n\n<p>Odluka o prijemu u radni odnos po Javnom konkursu<\/p>\n\n\n\n<p><a href=\"http:\/\/www.arhivsa.ba\/wordpress\/wp-content\/uploads\/2025\/02\/Odluka-o-prijemu-u-radni-odnos-za-radno-mjesto-sekretar-rukovodilac-Odsjeka-za-opce-pravne-poslove-i-zastitu-grade-izvan-Arhiva.pdf\">Odluka 01-245-1\/25<\/a><\/p>\n\n\n\n<p>_________________________________________________________________________________________________________<\/p>\n\n\n\n<p>LITERATURA<\/p>\n\n\n\n<ul class=\"wp-block-list\">\n<li><a href=\"http:\/\/www.arhivsa.ba\/wordpress\/wp-content\/uploads\/2025\/01\/PRIRUCNIK-ARHIVISTIKA-2.doc\">Priru\u010dnik za polaganje stru\u010dnog arhivisti\u010dkog ispita<\/a><\/li>\n\n\n\n<li><a href=\"http:\/\/www.arhivsa.ba\/wordpress\/?page_id=270\">Vodi\u010d kroz fondove i zbirke Historijskog arhiva Sarajevo<\/a><\/li>\n<\/ul>\n\n\n\n<p>POSLOVNICI<\/p>\n\n\n\n<ul class=\"wp-block-list\">\n<li><a href=\"http:\/\/www.arhivsa.ba\/wordpress\/wp-content\/uploads\/2025\/01\/Poslovnik-o-radu-oglas.pdf\">Poslovnik o radu Komisije za provo\u0111enje postupka prijema u radni odnos &#8211; oglas<\/a><\/li>\n\n\n\n<li><a href=\"http:\/\/www.arhivsa.ba\/wordpress\/wp-content\/uploads\/2025\/01\/Poslovnik-o-radu-konkurs.pdf\">Poslovnik o radu Komisije za provo\u0111enje postupka prijema u radni odnos &#8211; konkurs<\/a><\/li>\n<\/ul>\n\n\n\n<p><strong>*************************************************************************************************<\/strong><\/p>\n\n\n\n<p><strong>2023. godina<\/strong><\/p>\n\n\n\n<ul class=\"wp-block-list\">\n<li><a href=\"https:\/\/drive.google.com\/file\/d\/1hd5NH8rMCR009cH-Gu6m5QgH1evMLVGQ\/view?usp=share_link\">KONKURS za izbor i imenovanje direktora JU Historijski arhiv Sarajevo<\/a> <\/li>\n<\/ul>\n\n\n\n<p><strong>*****************************************************************************************************<\/strong><\/p>\n\n\n\n<p><strong>2021. godina<\/strong><\/p>\n\n\n\n<ul class=\"wp-block-list\">\n<li><a href=\"https:\/\/drive.google.com\/file\/d\/1Z-X7j0v6XXpQIGqnjy55R2G-P9nVr-jK\/view?usp=sharing\">Javni KONKURS za prijem u radni odnos na neodre\u0111eno vrijeme<\/a>:\n<ul class=\"wp-block-list\">\n<li>Arhivist za nadzor i za\u0161titu arhivske gra\u0111e izvan arhiva (VSS, jedan izvr\u0161ilac)<\/li>\n\n\n\n<li>Arhivist za sre\u0111ivanje i obradu arhivske gra\u0111e na orijentalnim jezicima (VSS, jedan izvr\u0161ilac)<\/li>\n\n\n\n<li>Arhivist za sre\u0111ivanje i obradu arhivske gra\u0111e od izbijanja Drugog svjetskog rata na bosanskohercegova\u010dkom tlu do danas (VSS, jedan izvr\u0161ilac)<\/li>\n\n\n\n<li>Arhivist za rad na nau\u010dno-istra\u017eiva\u010dkim poslovima (VSS, jedan izvr\u0161ilac)<\/li>\n<\/ul>\n<\/li>\n\n\n\n<li><a href=\"https:\/\/drive.google.com\/file\/d\/1rlapmZ8CkrMXiCNuHw3rgn8eVOW77KKr\/view?usp=sharing\">Javni OGLAS za prijem u radni odnos na neodre\u0111eno vrijeme<\/a><\/li>\n\n\n\n<li><a href=\"http:\/\/www.arhivsa.ba\/wordpress\/wp-content\/uploads\/2022\/03\/Ispravka-Javnog-oglasa.pdf\">Ispravka Javnog oglasa<\/a>\n<ul class=\"wp-block-list\">\n<li>Arhivski tehni\u010dar (SSS, jedan izvr\u0161ilac)<\/li>\n<\/ul>\n<\/li>\n<\/ul>\n\n\n\n<p><a href=\"http:\/\/www.arhivsa.ba\/wordpress\/wp-content\/uploads\/2022\/04\/prvi-spisak.pdf\">SPISAK KANDIDATA KOJI SU IZA\u0160LI NA PISMENI ISPIT ZA PRIJEM U RADNI ODNOS NA NEODRE\u0110ENO VRIJEME PO JAVNOM KONKURSU I JAVNOM OGLASU ODR\u017dAN 30.03.2022. SA OSTVARENIM REZULTATIMA<\/a><\/p>\n\n\n\n<p><a href=\"http:\/\/www.arhivsa.ba\/wordpress\/wp-content\/uploads\/2022\/04\/korekcija-spiska.pdf\">ISPRAVKA rezultata pismenog ispita za prijem u radni odnos na neodre\u0111eno vrijeme po Javnom konkursu, na poziciji Arhivist za nadzor i za\u0161titu arhivske gra\u0111e izvan arhiva<\/a><\/p>\n\n\n\n<p><a href=\"http:\/\/www.arhivsa.ba\/wordpress\/wp-content\/uploads\/2022\/04\/lista-uspjesnih-kandidata-javnog-konkursa.pdf\">Lista uspje\u0161nih kandidata Javnog konkursa<\/a><\/p>\n\n\n\n<p><a href=\"http:\/\/www.arhivsa.ba\/wordpress\/wp-content\/uploads\/2022\/04\/lista-uspjesnih-kandidata-javnog-oglasa.pdf\">Lista uspje\u0161nih kandidata Javnog oglasa<\/a><\/p>\n\n\n\n<p><a href=\"http:\/\/www.arhivsa.ba\/wordpress\/wp-content\/uploads\/2022\/04\/Tabelarni-prikaz-ostvarenih-bodova-po-Javnom-konkursu.pdf\">Tabelarni prikaz ostvarenih bodova po Javnom konkursu<\/a><\/p>\n\n\n\n<p><a href=\"http:\/\/www.arhivsa.ba\/wordpress\/wp-content\/uploads\/2022\/04\/Tabelarni-prikaz-ostvarenih-bodova-po-Javnom-oglasu.pdf\">Tabelarni prikaz ostvarenih bodova po Javnom oglasu<\/a><\/p>\n\n\n\n<p><strong>Odluke o prijemu u radni odnos po Javnom Konkursu<\/strong>:<\/p>\n\n\n\n<ul class=\"wp-block-list\">\n<li><a href=\"http:\/\/www.arhivsa.ba\/wordpress\/wp-content\/uploads\/2022\/04\/Odluka-o-prijemu-u-radni-odnos-Adnan-Hadziabdic.pdf\">Odluka 02-866-1\/22<\/a><\/li>\n\n\n\n<li><a href=\"http:\/\/www.arhivsa.ba\/wordpress\/wp-content\/uploads\/2022\/04\/Odluka-o-prijemu-u-radni-odnos-Irma-Agbabic.pdf\">Odluka 02-867-1\/22<\/a><\/li>\n\n\n\n<li><a href=\"http:\/\/www.arhivsa.ba\/wordpress\/wp-content\/uploads\/2022\/04\/Odluka-o-prijemu-u-radni-odnos-Armin-Dzunuzovic.pdf\">Odluka 02-868-1\/22<\/a><\/li>\n\n\n\n<li><a href=\"http:\/\/www.arhivsa.ba\/wordpress\/wp-content\/uploads\/2022\/04\/Odluka-o-prijemu-u-radni-odnos-Adnan-Kalesic.pdf\">Odluka 02-869-1\/22<\/a><\/li>\n<\/ul>\n\n\n\n<p><strong>Odluka o prijemu u radni odnos po Javnom oglasu:<\/strong><\/p>\n\n\n\n<ul class=\"wp-block-list\">\n<li><a href=\"http:\/\/www.arhivsa.ba\/wordpress\/wp-content\/uploads\/2022\/04\/Odluka-o-prijemu-u-radni-odnos-Nedim-Fazlic.pdf\">Odluka 02-870-1\/22<\/a><\/li>\n<\/ul>\n\n\n\n<h6 class=\"wp-block-heading\">Dokumenti<\/h6>\n\n\n\n<ul class=\"wp-block-list\">\n<li><a href=\"https:\/\/drive.google.com\/file\/d\/1t7g1djyZaby07J2UsYAIyopZFeTnZ9hE\/view?usp=sharing\">Ispitna pitanja, propisi, literatura &#8211; SSS<\/a><\/li>\n\n\n\n<li><a href=\"https:\/\/drive.google.com\/file\/d\/1bnUf5xKjoa6a_-pDMz7DQPrFh-MrKz1r\/view?usp=sharing\">Ispitna pitanja, propisi, literatura &#8211; VSS<\/a><\/li>\n<\/ul>\n\n\n\n<h6 class=\"wp-block-heading\">Literatura<\/h6>\n\n\n\n<ul class=\"wp-block-list\">\n<li><a href=\"https:\/\/drive.google.com\/file\/d\/1yc0Rhjd_eK4BzrfEYFG040KYVJyYxigD\/view?usp=sharing\">Priru\u010dnik za polaganje stru\u010dnog arhivisti\u010dkog ispita<\/a><\/li>\n\n\n\n<li><a href=\"http:\/\/www.arhivsa.ba\/wordpress\/?page_id=270\">Vodi\u010d kroz fondove i zbirke Historijskog arhiva Sarajevo<\/a><\/li>\n\n\n\n<li><a href=\"https:\/\/drive.google.com\/file\/d\/1rPRJhCLa7yUzHs7QKs51zCafSNA_GosP\/view?usp=sharing\">Katalog turskih, arapskih, perzijskih i bosanskih rukopisa, sv. I.<\/a><\/li>\n\n\n\n<li><a href=\"https:\/\/drive.google.com\/file\/d\/1EHfG9NRshYWKX3XHdWhx3_qOZa4dmgw2\/view?usp=sharing\">Katalog turskih, arapskih, perzijskih i bosanskih rukopisa, sv. II.<\/a><\/li>\n<\/ul>\n\n\n\n<h6 class=\"wp-block-heading\">Poslovnici<\/h6>\n\n\n\n<ul class=\"wp-block-list\">\n<li><a href=\"https:\/\/drive.google.com\/file\/d\/1ywrZT3dZ2zuPwy8CeOHIaXMKcHo-fGll\/view?usp=sharing\">Poslovnik o radu Komisije za provo\u0111enje postupka prijema u radni odnos (Javni oglas)<\/a><\/li>\n\n\n\n<li><a href=\"https:\/\/drive.google.com\/file\/d\/1LI_yNCpx3NrH6CouWEjPuozay29Z3rF9\/view?usp=sharing\">Poslovnik o radu Komisije za provo\u0111enje postupka prijema u radni odnos (Javni konkurs<\/a>)<\/li>\n<\/ul>\n\n\n\n<h6 class=\"wp-block-heading\">Zakoni i uredbe<\/h6>\n\n\n\n<ul class=\"wp-block-list\">\n<li><a href=\"http:\/\/www.arhivsa.ba\/wordpress\/?page_id=2256\">Zakon o arhivskoj djelatnosti<\/a><\/li>\n\n\n\n<li><a href=\"http:\/\/www.arhivsa.ba\/wordpress\/?page_id=313\">Ostali zakoni, uredbe, pravilnici i propisi<\/a><\/li>\n<\/ul>\n\n\n\n<p><\/p>\n","protected":false},"excerpt":{"rendered":"<p>2025. godina Javni oglas za prijem u radni odnos na neodre\u0111eno vrijeme Ispitna pitanja za radno mjesto Arhivski tehni\u010dar, propisi i literatura Spisak kandidata koji su iza\u0161li na pismeni ispit po Javnom oglasu za prijem u radni odnos na neodre\u0111eno vrijeme odr\u017ean 24.01.2024. sa ostvarenim rezultatima Lista uspje\u0161nih kandidata po Javnom oglasu Tabelarni prikaz ostvarenih bodova po Javnom oglasu Odluka o prijemu u radni odnos po Javnom oglasu Odluka 02-246-1\/25 ______________________________________________________________________________________________________ Javni&#8230; <a class=\"continue-reading-link\" href=\"http:\/\/www.arhivsa.ba\/wordpress\/?page_id=5278\">Vi\u0161e<\/a><\/p>\n","protected":false},"author":1,"featured_media":0,"parent":91,"menu_order":0,"comment_status":"closed","ping_status":"closed","template":"","meta":{"_uf_show_specific_survey":0,"_uf_disable_surveys":false,"ngg_post_thumbnail":0,"footnotes":""},"class_list":["post-5278","page","type-page","status-publish","hentry"],"_links":{"self":[{"href":"http:\/\/www.arhivsa.ba\/wordpress\/index.php?rest_route=\/wp\/v2\/pages\/5278","targetHints":{"allow":["GET"]}}],"collection":[{"href":"http:\/\/www.arhivsa.ba\/wordpress\/index.php?rest_route=\/wp\/v2\/pages"}],"about":[{"href":"http:\/\/www.arhivsa.ba\/wordpress\/index.php?rest_route=\/wp\/v2\/types\/page"}],"author":[{"embeddable":true,"href":"http:\/\/www.arhivsa.ba\/wordpress\/index.php?rest_route=\/wp\/v2\/users\/1"}],"replies":[{"embeddable":true,"href":"http:\/\/www.arhivsa.ba\/wordpress\/index.php?rest_route=%2Fwp%2Fv2%2Fcomments&post=5278"}],"version-history":[{"count":75,"href":"http:\/\/www.arhivsa.ba\/wordpress\/index.php?rest_route=\/wp\/v2\/pages\/5278\/revisions"}],"predecessor-version":[{"id":7229,"href":"http:\/\/www.arhivsa.ba\/wordpress\/index.php?rest_route=\/wp\/v2\/pages\/5278\/revisions\/7229"}],"up":[{"embeddable":true,"href":"http:\/\/www.arhivsa.ba\/wordpress\/index.php?rest_route=\/wp\/v2\/pages\/91"}],"wp:attachment":[{"href":"http:\/\/www.arhivsa.ba\/wordpress\/index.php?rest_route=%2Fwp%2Fv2%2Fmedia&parent=5278"}],"curies":[{"name":"wp","href":"https:\/\/api.w.org\/{rel}","templated":true}]}}