{"id":4434,"date":"2021-01-28T18:08:03","date_gmt":"2021-01-28T16:08:03","guid":{"rendered":"http:\/\/www.arhivsa.ba\/wordpress\/?page_id=4434"},"modified":"2026-03-27T14:38:10","modified_gmt":"2026-03-27T12:38:10","slug":"nadzorni-odbor","status":"publish","type":"page","link":"http:\/\/www.arhivsa.ba\/wordpress\/?page_id=4434","title":{"rendered":"NADZORNI ODBOR"},"content":{"rendered":"\n<p><a href=\"http:\/\/www.arhivsa.ba\/wordpress\/wp-content\/uploads\/2021\/01\/Poslovnik-o-radu-NO.pdf\">Poslovnik o radu Nadzornog odbora<\/a><\/p>\n\n\n\n<p>NADZORNI ODBOR (Mandat od 3. XI 2022.)<\/p>\n\n\n\n<ul class=\"wp-block-list\">\n<li>Samira \u0160abanovi\u0107, predsjednica<\/li>\n\n\n\n<li>Lejla Memi\u0107, \u010dlanica<\/li>\n\n\n\n<li>Aleksandra Pijuk-Pej\u010di\u0107 (ispred ustanove)<\/li>\n<\/ul>\n\n\n\n<ul class=\"wp-block-list\">\n<li><a href=\"https:\/\/docs.google.com\/document\/d\/1UrFSOYsbptZhrZO2rM5RrPmbIVs5Ssh6\/edit?usp=share_link&amp;ouid=100680700044832488468&amp;rtpof=true&amp;sd=true\">Sjednica 23. XI 2022.<\/a><\/li>\n\n\n\n<li><a href=\"https:\/\/drive.google.com\/file\/d\/1UlzbnrPHGB2vdfhmJiHJCCY03NyJPPh_\/view?usp=share_link\">Sjednica 12. XII 2022.<\/a><\/li>\n\n\n\n<li><a href=\"http:\/\/www.arhivsa.ba\/wordpress\/wp-content\/uploads\/2023\/04\/poziv_19.1.2023..doc\">Sjednica 19. I 2023.<\/a><\/li>\n\n\n\n<li><a href=\"http:\/\/www.arhivsa.ba\/wordpress\/wp-content\/uploads\/2023\/04\/poziv_23.2.2023..doc\">Sjednica 23. II 2023.<\/a><\/li>\n\n\n\n<li><a href=\"http:\/\/www.arhivsa.ba\/wordpress\/wp-content\/uploads\/2023\/04\/poziv_6.3.2023..doc\">Sjednica 6. III 2023.<\/a><\/li>\n\n\n\n<li><a href=\"http:\/\/www.arhivsa.ba\/wordpress\/wp-content\/uploads\/2023\/04\/poziv-4.4.2023.doc\">Sjednica 7. IV 2023.<\/a><\/li>\n\n\n\n<li><a href=\"http:\/\/www.arhivsa.ba\/wordpress\/wp-content\/uploads\/2023\/05\/poziv-1.doc\">Sjednica 22. V 2023.<\/a><\/li>\n\n\n\n<li><a href=\"http:\/\/www.arhivsa.ba\/wordpress\/wp-content\/uploads\/2023\/06\/poziv.doc\">Sjednica 07. VI 2023.<\/a><\/li>\n\n\n\n<li><a href=\"http:\/\/www.arhivsa.ba\/wordpress\/wp-content\/uploads\/2023\/10\/poziv-juli.doc\">Sjednica 19. VII 2023. <\/a><\/li>\n\n\n\n<li><a href=\"http:\/\/www.arhivsa.ba\/wordpress\/wp-content\/uploads\/2023\/08\/poziv-za-10.-sjednicu-NO-30.08.2023.g.docx\">Sjednica 30. VIII 2023.<\/a><\/li>\n\n\n\n<li><a href=\"http:\/\/www.arhivsa.ba\/wordpress\/wp-content\/uploads\/2023\/10\/poziv-septembar.doc\">Sjednica 21. IX 2023.<\/a><\/li>\n\n\n\n<li><a href=\"http:\/\/www.arhivsa.ba\/wordpress\/wp-content\/uploads\/2023\/12\/poziv-1.doc\">Sjednica 25. X 2023. <\/a><\/li>\n\n\n\n<li><a href=\"http:\/\/www.arhivsa.ba\/wordpress\/wp-content\/uploads\/2023\/12\/poziv-3.doc\">Sjednica 25. XII 2023.<\/a><\/li>\n\n\n\n<li><a href=\"http:\/\/www.arhivsa.ba\/wordpress\/wp-content\/uploads\/2024\/01\/poziv.doc\">Sjednica 23. I 2024.<\/a><\/li>\n\n\n\n<li><a href=\"http:\/\/www.arhivsa.ba\/wordpress\/wp-content\/uploads\/2024\/02\/poziv-1.doc\">Sjednica 14. II 2024.<\/a><\/li>\n\n\n\n<li><a href=\"http:\/\/www.arhivsa.ba\/wordpress\/wp-content\/uploads\/2024\/03\/Poziv-NO.doc\">Sjednica 13. III 2024.<\/a><\/li>\n\n\n\n<li><a href=\"http:\/\/www.arhivsa.ba\/wordpress\/wp-content\/uploads\/2024\/04\/pozivNadzorni-odbor.doc\">Sjednica 24. IV 2024.<\/a><\/li>\n\n\n\n<li><a href=\"http:\/\/www.arhivsa.ba\/wordpress\/wp-content\/uploads\/2024\/05\/poziv-1.doc\">Sjednica 29. V 2024.<\/a><\/li>\n\n\n\n<li><a href=\"http:\/\/www.arhivsa.ba\/wordpress\/wp-content\/uploads\/2024\/07\/poziv.doc\">Sjednica 27. VI 2024.<\/a><\/li>\n\n\n\n<li><a href=\"http:\/\/www.arhivsa.ba\/wordpress\/wp-content\/uploads\/2024\/09\/poziv-2.doc\">Sjednica 29. VII 2024.<\/a><\/li>\n\n\n\n<li><a href=\"http:\/\/www.arhivsa.ba\/wordpress\/wp-content\/uploads\/2024\/09\/poziv-1.doc\">Sjednica 27. VIII 2024.<\/a><\/li>\n\n\n\n<li><a href=\"http:\/\/www.arhivsa.ba\/wordpress\/wp-content\/uploads\/2024\/10\/poziv-1.doc\">Sjednica 30. IX 2024.<\/a><\/li>\n\n\n\n<li><a href=\"http:\/\/www.arhivsa.ba\/wordpress\/wp-content\/uploads\/2024\/10\/poziv-2.doc\">Sjednica 23. X 2024.<\/a><\/li>\n\n\n\n<li><a href=\"http:\/\/www.arhivsa.ba\/wordpress\/wp-content\/uploads\/2024\/11\/poziv-1.doc\">Sjednica 21. XI 2024.<\/a><\/li>\n\n\n\n<li><a href=\"http:\/\/www.arhivsa.ba\/wordpress\/wp-content\/uploads\/2024\/12\/poziv-2.doc\">Sjednica 19. XII 2024.<\/a><\/li>\n\n\n\n<li><a href=\"http:\/\/www.arhivsa.ba\/wordpress\/wp-content\/uploads\/2025\/01\/poziv-NO-28.01.2025.docx\">Sjednica 28. I 2025.<\/a><\/li>\n\n\n\n<li><a href=\"http:\/\/www.arhivsa.ba\/wordpress\/wp-content\/uploads\/2025\/04\/poziv-za-no-februar-25.pdf\">Sjednica 19. II 2025.<\/a><\/li>\n\n\n\n<li><a href=\"http:\/\/www.arhivsa.ba\/wordpress\/wp-content\/uploads\/2025\/04\/poziv-za-29-sjednicu-NO-24.3.docx\">Sjednica 24. III 2025.<\/a><\/li>\n\n\n\n<li><a href=\"http:\/\/www.arhivsa.ba\/wordpress\/wp-content\/uploads\/2025\/04\/2poziv-za-30.sjednicu-NO.docx\">Sjednica 22. IV 2025.<\/a><\/li>\n\n\n\n<li><a href=\"http:\/\/www.arhivsa.ba\/wordpress\/wp-content\/uploads\/2025\/05\/poziv-za-31.sjednicu-NO.docx\">Sjednica 29. V 2025.<\/a><\/li>\n\n\n\n<li><a href=\"http:\/\/www.arhivsa.ba\/wordpress\/wp-content\/uploads\/2025\/09\/poziv-za-32.-sjednicu-NO.docx\">Sjednica 24. VI 2025.<\/a><\/li>\n\n\n\n<li><a href=\"http:\/\/www.arhivsa.ba\/wordpress\/wp-content\/uploads\/2025\/09\/poziv-za-33.-sjednicu-NO.docx\">Sjednica 24. VII 2025.<\/a><\/li>\n\n\n\n<li><a href=\"http:\/\/www.arhivsa.ba\/wordpress\/wp-content\/uploads\/2025\/09\/poziv-za-34.sjednicu-NO-1.docx\">Sjednica 29. VIII 2025.<\/a><\/li>\n\n\n\n<li><a href=\"http:\/\/www.arhivsa.ba\/wordpress\/wp-content\/uploads\/2025\/10\/poziv-za-35.-sjednicu-NO.docx\">Sjednica 30. IX 2025.<\/a><\/li>\n\n\n\n<li><a href=\"http:\/\/www.arhivsa.ba\/wordpress\/wp-content\/uploads\/2025\/10\/poziv-za-36-sjednicu-NO.docx\">Sjednica 29. X 2025.<\/a><\/li>\n\n\n\n<li><a href=\"http:\/\/www.arhivsa.ba\/wordpress\/wp-content\/uploads\/2025\/11\/poziv-za-37-sjednicu-NO.docx\">Sjednica 19.11.2025.<\/a><\/li>\n\n\n\n<li><a href=\"http:\/\/www.arhivsa.ba\/wordpress\/wp-content\/uploads\/2025\/12\/poziv-za-38-sjednicu-NO.docx\">Sjednica 23. XII 2025.<\/a><\/li>\n\n\n\n<li><a href=\"http:\/\/www.arhivsa.ba\/wordpress\/wp-content\/uploads\/2026\/01\/poziv-za-39.sjednicu-NO.docx\">Sjednica 29. I 2026.<\/a><\/li>\n\n\n\n<li><a href=\"http:\/\/www.arhivsa.ba\/wordpress\/wp-content\/uploads\/2026\/02\/poziv-za-40.sjednicu-NO.docx\">Sjednica 26. II 2026.<\/a><\/li>\n\n\n\n<li><a href=\"http:\/\/www.arhivsa.ba\/wordpress\/wp-content\/uploads\/2026\/03\/poziv-za-41-sjednicu-NO.docx\">Sjednica 24. III 2026.<\/a><\/li>\n<\/ul>\n\n\n\n<p>V.D. NADZORNI ODBOR (Mandat od 07.07.2022.)<\/p>\n\n\n\n<ul class=\"wp-block-list\">\n<li>Samira \u0160abanovi\u0107, v.d. predsjednica<\/li>\n\n\n\n<li>Ervin Mu\u0161inovi\u0107, v.d. \u010dlan<\/li>\n\n\n\n<li>Lejla Memi\u0107, v.d. \u010dlanica<\/li>\n<\/ul>\n\n\n\n<ul class=\"wp-block-list\">\n<li><a href=\"http:\/\/www.arhivsa.ba\/wordpress\/wp-content\/uploads\/2022\/08\/poziv-za-konstituirajucu-sjednicu-v.d.-NO.doc\">Sjednica 12.08.2022.<\/a><\/li>\n\n\n\n<li><a href=\"http:\/\/www.arhivsa.ba\/wordpress\/wp-content\/uploads\/2022\/09\/druga-sjednica-v.d.-NO.doc\">Sjednica 07.09.2022.<\/a><\/li>\n<\/ul>\n\n\n\n<p>NADZORNI ODBOR (Mandat: od 08.10.2021. do 07.07.2022.))<\/p>\n\n\n\n<ul class=\"wp-block-list\">\n<li>Vahid Grbo, predsjednik<\/li>\n\n\n\n<li>Almina Aljovi\u0107, \u010dlanica<\/li>\n\n\n\n<li>Aleksandra Pijuk-Pej\u010di\u0107, \u010dlanica (ispred ustanove)<\/li>\n<\/ul>\n\n\n\n<ul class=\"wp-block-list\">\n<li><a href=\"http:\/\/www.arhivsa.ba\/wordpress\/wp-content\/uploads\/2021\/11\/poziv-1.doc\">Sjednica 18.11.2021.<\/a><\/li>\n\n\n\n<li><a href=\"http:\/\/www.arhivsa.ba\/wordpress\/wp-content\/uploads\/2022\/06\/poziv-1.doc\">Sjednica 14.03.2022.<\/a><\/li>\n\n\n\n<li><a href=\"http:\/\/www.arhivsa.ba\/wordpress\/wp-content\/uploads\/2022\/06\/poziv-1-1.doc\">Sjednica 22.06.2022.<\/a><\/li>\n<\/ul>\n\n\n\n<p>V.D. NADZORNI ODBOR (Mandat: od 28.05.2020. &#8211; 28.08.2020.)<\/p>\n\n\n\n<ul class=\"wp-block-list\">\n<li>Senad Kova\u010devi\u0107, v.d. predsjednik<\/li>\n\n\n\n<li>Edin \u0160akovi\u0107, v.d. \u010dlan,<\/li>\n\n\n\n<li>Amela Begi\u0107, v.d. \u010dlanica<\/li>\n<\/ul>\n\n\n\n<ul class=\"wp-block-list\">\n<li><a href=\"http:\/\/www.arhivsa.ba\/wordpress\/wp-content\/uploads\/2021\/01\/Sjednica-15.06.2020..pdf\">Sjednica 15.06.2020.<\/a><\/li>\n\n\n\n<li><a href=\"http:\/\/www.arhivsa.ba\/wordpress\/wp-content\/uploads\/2021\/01\/Sjednica-17.07.2020..pdf\">Sjednica 17.07.2020.<\/a><\/li>\n\n\n\n<li><a href=\"http:\/\/www.arhivsa.ba\/wordpress\/wp-content\/uploads\/2021\/01\/Sjednica-25.08.2020..doc.pdf\">Sjednica 25.08.2020.<\/a><\/li>\n<\/ul>\n\n\n\n<p>NADZORNI ODBOR (Mandat: 26.12.2017. &#8211; 28.05.2020.)<\/p>\n\n\n\n<ul class=\"wp-block-list\">\n<li>Minka Dautba\u0161i\u0107, dipl. arhitekt, predsjednik,<\/li>\n\n\n\n<li>Amel Sirovina, dipl. pravnik, \u010dlan<\/li>\n\n\n\n<li>D\u017eemila \u010ceki\u0107, dipl. pravnik, \u010dlan ispred ustanove<\/li>\n<\/ul>\n\n\n\n<ul class=\"wp-block-list\">\n<li><a href=\"http:\/\/www.arhivsa.ba\/wordpress\/wp-content\/uploads\/2021\/01\/Sjednica-09.05.2019..pdf\">Sjednica 09.05.2019.<\/a><\/li>\n\n\n\n<li><a href=\"http:\/\/www.arhivsa.ba\/wordpress\/wp-content\/uploads\/2021\/01\/Sjednica-01.10.2019..pdf\">Sjednica 01.10.2019.<\/a><\/li>\n\n\n\n<li><a href=\"http:\/\/www.arhivsa.ba\/wordpress\/wp-content\/uploads\/2021\/01\/Sjednica-07.11.2019..pdf\">Sjednica 07.11.2019.<\/a><\/li>\n\n\n\n<li><a href=\"http:\/\/www.arhivsa.ba\/wordpress\/wp-content\/uploads\/2021\/01\/Sjednica-10.04.2020..pdf\">Sjednica 10.04.2020.<\/a><\/li>\n<\/ul>\n\n\n\n<p><\/p>\n","protected":false},"excerpt":{"rendered":"<p>Poslovnik o radu Nadzornog odbora NADZORNI ODBOR (Mandat od 3. XI 2022.) V.D. NADZORNI ODBOR (Mandat od 07.07.2022.) NADZORNI ODBOR (Mandat: od 08.10.2021. do 07.07.2022.)) V.D. NADZORNI ODBOR (Mandat: od 28.05.2020. &#8211; 28.08.2020.) NADZORNI ODBOR (Mandat: 26.12.2017. &#8211; 28.05.2020.) <a class=\"continue-reading-link\" href=\"http:\/\/www.arhivsa.ba\/wordpress\/?page_id=4434\">Vi\u0161e<\/a><\/p>\n","protected":false},"author":1,"featured_media":0,"parent":91,"menu_order":0,"comment_status":"closed","ping_status":"closed","template":"","meta":{"_uf_show_specific_survey":0,"_uf_disable_surveys":false,"ngg_post_thumbnail":0,"footnotes":""},"class_list":["post-4434","page","type-page","status-publish","hentry"],"_links":{"self":[{"href":"http:\/\/www.arhivsa.ba\/wordpress\/index.php?rest_route=\/wp\/v2\/pages\/4434","targetHints":{"allow":["GET"]}}],"collection":[{"href":"http:\/\/www.arhivsa.ba\/wordpress\/index.php?rest_route=\/wp\/v2\/pages"}],"about":[{"href":"http:\/\/www.arhivsa.ba\/wordpress\/index.php?rest_route=\/wp\/v2\/types\/page"}],"author":[{"embeddable":true,"href":"http:\/\/www.arhivsa.ba\/wordpress\/index.php?rest_route=\/wp\/v2\/users\/1"}],"replies":[{"embeddable":true,"href":"http:\/\/www.arhivsa.ba\/wordpress\/index.php?rest_route=%2Fwp%2Fv2%2Fcomments&post=4434"}],"version-history":[{"count":63,"href":"http:\/\/www.arhivsa.ba\/wordpress\/index.php?rest_route=\/wp\/v2\/pages\/4434\/revisions"}],"predecessor-version":[{"id":8157,"href":"http:\/\/www.arhivsa.ba\/wordpress\/index.php?rest_route=\/wp\/v2\/pages\/4434\/revisions\/8157"}],"up":[{"embeddable":true,"href":"http:\/\/www.arhivsa.ba\/wordpress\/index.php?rest_route=\/wp\/v2\/pages\/91"}],"wp:attachment":[{"href":"http:\/\/www.arhivsa.ba\/wordpress\/index.php?rest_route=%2Fwp%2Fv2%2Fmedia&parent=4434"}],"curies":[{"name":"wp","href":"https:\/\/api.w.org\/{rel}","templated":true}]}}