{"id":4007,"date":"2020-05-21T14:05:16","date_gmt":"2020-05-21T12:05:16","guid":{"rendered":"http:\/\/www.arhivsa.ba\/wordpress\/?page_id=4007"},"modified":"2021-09-28T15:02:07","modified_gmt":"2021-09-28T13:02:07","slug":"osnovni-akti-arhiva","status":"publish","type":"page","link":"http:\/\/www.arhivsa.ba\/wordpress\/?page_id=4007","title":{"rendered":"Memorandumi"},"content":{"rendered":"\n<p>2021. godina<\/p>\n\n\n\n<p><a href=\"http:\/\/www.arhivsa.ba\/wordpress\/wp-content\/uploads\/2021\/09\/Ugovor-o-suizdavastvu-autorskog-djela.pdf\">Ugovor o suizdava\u0161tvu autorskog djela<\/a><\/p>\n\n\n\n<p>2020. godina<\/p>\n\n\n\n<p><a href=\"http:\/\/www.arhivsa.ba\/wordpress\/wp-content\/uploads\/2021\/02\/Memorandum-o-saradnji.pdf\">Memorandum o saradnji sa Gradskim Arhivom Budimpe\u0161te, Ma\u0111arska<\/a><\/p>\n","protected":false},"excerpt":{"rendered":"<p>2021. godina Ugovor o suizdava\u0161tvu autorskog djela 2020. godina Memorandum o saradnji sa Gradskim Arhivom Budimpe\u0161te, Ma\u0111arska <a class=\"continue-reading-link\" href=\"http:\/\/www.arhivsa.ba\/wordpress\/?page_id=4007\">Vi\u0161e<\/a><\/p>\n","protected":false},"author":1,"featured_media":0,"parent":91,"menu_order":0,"comment_status":"closed","ping_status":"closed","template":"","meta":{"_uf_show_specific_survey":0,"_uf_disable_surveys":false,"ngg_post_thumbnail":0,"footnotes":""},"class_list":["post-4007","page","type-page","status-publish","hentry"],"_links":{"self":[{"href":"http:\/\/www.arhivsa.ba\/wordpress\/index.php?rest_route=\/wp\/v2\/pages\/4007","targetHints":{"allow":["GET"]}}],"collection":[{"href":"http:\/\/www.arhivsa.ba\/wordpress\/index.php?rest_route=\/wp\/v2\/pages"}],"about":[{"href":"http:\/\/www.arhivsa.ba\/wordpress\/index.php?rest_route=\/wp\/v2\/types\/page"}],"author":[{"embeddable":true,"href":"http:\/\/www.arhivsa.ba\/wordpress\/index.php?rest_route=\/wp\/v2\/users\/1"}],"replies":[{"embeddable":true,"href":"http:\/\/www.arhivsa.ba\/wordpress\/index.php?rest_route=%2Fwp%2Fv2%2Fcomments&post=4007"}],"version-history":[{"count":4,"href":"http:\/\/www.arhivsa.ba\/wordpress\/index.php?rest_route=\/wp\/v2\/pages\/4007\/revisions"}],"predecessor-version":[{"id":5107,"href":"http:\/\/www.arhivsa.ba\/wordpress\/index.php?rest_route=\/wp\/v2\/pages\/4007\/revisions\/5107"}],"up":[{"embeddable":true,"href":"http:\/\/www.arhivsa.ba\/wordpress\/index.php?rest_route=\/wp\/v2\/pages\/91"}],"wp:attachment":[{"href":"http:\/\/www.arhivsa.ba\/wordpress\/index.php?rest_route=%2Fwp%2Fv2%2Fmedia&parent=4007"}],"curies":[{"name":"wp","href":"https:\/\/api.w.org\/{rel}","templated":true}]}}