{"id":2078,"date":"2016-05-09T11:56:40","date_gmt":"2016-05-09T09:56:40","guid":{"rendered":"http:\/\/www.arhivsa.ba\/wordpress\/?page_id=2078"},"modified":"2024-03-27T13:20:19","modified_gmt":"2024-03-27T11:20:19","slug":"spisak-svih-direktora-od-osnivanja-arhiva","status":"publish","type":"page","link":"http:\/\/www.arhivsa.ba\/wordpress\/?page_id=2078","title":{"rendered":"Spisak svih direktora od osnivanja Arhiva"},"content":{"rendered":"<p><strong>1948-1949.<\/strong> &#8211; Referenti za poslove arhiva pri Odjeljenju za kulturu i umjetnost Gradskog narodnog odbora:<\/p>\n<ul>\n<li>Hazim \u0160abanovi\u0107<\/li>\n<li>Selim \u0106ati\u0107<\/li>\n<\/ul>\n<p><strong>1950.<\/strong> &#8211; Prvi upravnik Arhiva grada Sarajeva:<\/p>\n<ul>\n<li>\u0160ukrija Kurtovi\u0107<\/li>\n<\/ul>\n<p><strong>1951-2021.<\/strong> &#8211; Direktori arhiva:<\/p>\n<ul>\n<li>Hamid Dizdar (1951-1967)<\/li>\n<li>Bo\u017eo Mad\u017ear (1967-1970)<\/li>\n<li>Miodrag \u010cankovi\u0107 (1971-1984)<\/li>\n<li>Ton\u010di Grbelja (1984-2001)<\/li>\n<li>Sejdalija Gu\u0161i\u0107 (2001-2011)<\/li>\n<li>Haris Zaimovi\u0107 (2011-2013)<\/li>\n<li>Sejdalija Gu\u0161i\u0107 (2013-2016)<\/li>\n<li>Fuad Ohranovi\u0107 (2016-2019)<\/li>\n<li>Velid Jerlagi\u0107 (2019-2020)<\/li>\n<li>Fuad Ohranovi\u0107 (2020-2021)<\/li>\n<li>Haris Zaimovi\u0107 (2021-2022)<\/li>\n<li>Ismeta D\u017eigal-Berkovac (2022-<\/li>\n<\/ul>\n","protected":false},"excerpt":{"rendered":"<p>1948-1949. &#8211; Referenti za poslove arhiva pri Odjeljenju za kulturu i umjetnost Gradskog narodnog odbora: Hazim \u0160abanovi\u0107 Selim \u0106ati\u0107 1950. &#8211; Prvi upravnik Arhiva grada Sarajeva: \u0160ukrija Kurtovi\u0107 1951-2021. &#8211; Direktori arhiva: Hamid Dizdar (1951-1967) Bo\u017eo Mad\u017ear (1967-1970) Miodrag \u010cankovi\u0107 (1971-1984) Ton\u010di Grbelja (1984-2001) Sejdalija Gu\u0161i\u0107 (2001-2011) Haris Zaimovi\u0107 (2011-2013) Sejdalija Gu\u0161i\u0107 (2013-2016) Fuad Ohranovi\u0107 (2016-2019) Velid Jerlagi\u0107 (2019-2020) Fuad Ohranovi\u0107 (2020-2021) Haris Zaimovi\u0107 (2021-2022) Ismeta D\u017eigal-Berkovac (2022- <a class=\"continue-reading-link\" href=\"http:\/\/www.arhivsa.ba\/wordpress\/?page_id=2078\">Vi\u0161e<\/a><\/p>\n","protected":false},"author":1,"featured_media":0,"parent":134,"menu_order":0,"comment_status":"closed","ping_status":"closed","template":"","meta":{"_uf_show_specific_survey":0,"_uf_disable_surveys":false,"ngg_post_thumbnail":0,"footnotes":""},"class_list":["post-2078","page","type-page","status-publish","hentry"],"_links":{"self":[{"href":"http:\/\/www.arhivsa.ba\/wordpress\/index.php?rest_route=\/wp\/v2\/pages\/2078","targetHints":{"allow":["GET"]}}],"collection":[{"href":"http:\/\/www.arhivsa.ba\/wordpress\/index.php?rest_route=\/wp\/v2\/pages"}],"about":[{"href":"http:\/\/www.arhivsa.ba\/wordpress\/index.php?rest_route=\/wp\/v2\/types\/page"}],"author":[{"embeddable":true,"href":"http:\/\/www.arhivsa.ba\/wordpress\/index.php?rest_route=\/wp\/v2\/users\/1"}],"replies":[{"embeddable":true,"href":"http:\/\/www.arhivsa.ba\/wordpress\/index.php?rest_route=%2Fwp%2Fv2%2Fcomments&post=2078"}],"version-history":[{"count":6,"href":"http:\/\/www.arhivsa.ba\/wordpress\/index.php?rest_route=\/wp\/v2\/pages\/2078\/revisions"}],"predecessor-version":[{"id":6566,"href":"http:\/\/www.arhivsa.ba\/wordpress\/index.php?rest_route=\/wp\/v2\/pages\/2078\/revisions\/6566"}],"up":[{"embeddable":true,"href":"http:\/\/www.arhivsa.ba\/wordpress\/index.php?rest_route=\/wp\/v2\/pages\/134"}],"wp:attachment":[{"href":"http:\/\/www.arhivsa.ba\/wordpress\/index.php?rest_route=%2Fwp%2Fv2%2Fmedia&parent=2078"}],"curies":[{"name":"wp","href":"https:\/\/api.w.org\/{rel}","templated":true}]}}