{"id":1833,"date":"2015-03-25T12:40:32","date_gmt":"2015-03-25T10:40:32","guid":{"rendered":"http:\/\/www.arhivsa.ba\/wordpress\/?page_id=1833"},"modified":"2015-03-25T12:40:32","modified_gmt":"2015-03-25T10:40:32","slug":"srpsko-uceno-drustvo-beograd","status":"publish","type":"page","link":"http:\/\/www.arhivsa.ba\/wordpress\/?page_id=1833","title":{"rendered":"Srpsko u\u010deno dru\u0161tvo Beograd"},"content":{"rendered":"<h5>Glasnik Srpskog u\u010denog dru\u0161tva<\/h5>\n<ol>\n<li>Glasnik Srpskog u\u010denog dru\u0161tva, Knj. XI, Sv. XXVIII starog reda, Beograd, 1870.<\/li>\n<li>Glasnik Srpskog u\u010denog dru\u0161tva, Knj. XXXVI, Beograd, 1872.<\/li>\n<li>Glasnik Srpskog u\u010denog dru\u0161tva, Knj. XXXVII, Beograd, 1873.<\/li>\n<li>Glasnik Srpskog u\u010denog dru\u0161tva, Knj. XXXIX, Beograd, 1873.<\/li>\n<li>Glasnik Srpskog u\u010denog dru\u0161tva, Knj. XLI, Beograd, 1875.<\/li>\n<li>Glasnik Srpskog u\u010denog dru\u0161tva, Knj. XLIII, Beograd, 1876.<\/li>\n<li>Glasnik Srpskog u\u010denog dru\u0161tva, Knj. XLIV, Beograd, 1877.<\/li>\n<li>Glasnik Srpskog u\u010denog dru\u0161tva, Knj. XLV, Beograd, 1877.<\/li>\n<li>Glasnik Srpskog u\u010denog dru\u0161tva, Knj. XLVI, Beograd, 1878.<\/li>\n<li>Glasnik Srpskog u\u010denog dru\u0161tva, Knj. XLVII, Beograd, 1873.<\/li>\n<li>Glasnik Srpskog u\u010denog dru\u0161tva, Knj. XLVIII, Beograd, 1880.<\/li>\n<li>Glasnik Srpskog u\u010denog dru\u0161tva, Knj. XLVIII, Beograd, 1880.<\/li>\n<li>Glasnik Srpskog u\u010denog dru\u0161tva, II odelenje, Knj. XIII, Beograd, 1881.<\/li>\n<li>Glasnik Srpskog u\u010denog dru\u0161tva, Knj. 52, Beograd, 1883.<\/li>\n<li>Glasnik Srpskog u\u010denog dru\u0161tva, Knj. 55, Beograd, 1884.<\/li>\n<li>Glasnik Srpskog u\u010denog dru\u0161tva, Knj. 63, Beograd, 1885.<\/li>\n<li>Glasnik Srpskog u\u010denog dru\u0161tva, Knj. 65, Beograd, 1886.<\/li>\n<li>Glasnik Srpskog u\u010denog dru\u0161tva, Knj. 67, Beograd, 1887.<\/li>\n<li>Glasnik Srpskog u\u010denog dru\u0161tva, Knj. 70, Beograd, 1889.<\/li>\n<li>Glasnik Srpskog u\u010denog dru\u0161tva, Knj. 71, Beograd, 1890.<\/li>\n<li>Glasnik Srpskog u\u010denog dru\u0161tva, Knj. 72, Beograd, 1891.<\/li>\n<\/ol>\n","protected":false},"excerpt":{"rendered":"<p>Glasnik Srpskog u\u010denog dru\u0161tva Glasnik Srpskog u\u010denog dru\u0161tva, Knj. XI, Sv. XXVIII starog reda, Beograd, 1870. Glasnik Srpskog u\u010denog dru\u0161tva, Knj. XXXVI, Beograd, 1872. Glasnik Srpskog u\u010denog dru\u0161tva, Knj. XXXVII, Beograd, 1873. Glasnik Srpskog u\u010denog dru\u0161tva, Knj. XXXIX, Beograd, 1873. Glasnik Srpskog u\u010denog dru\u0161tva, Knj. XLI, Beograd, 1875. Glasnik Srpskog u\u010denog dru\u0161tva, Knj. XLIII, Beograd, 1876. Glasnik Srpskog u\u010denog dru\u0161tva, Knj. XLIV, Beograd, 1877. Glasnik Srpskog u\u010denog dru\u0161tva, Knj. XLV, Beograd, 1877&#8230;. <a class=\"continue-reading-link\" href=\"http:\/\/www.arhivsa.ba\/wordpress\/?page_id=1833\">Vi\u0161e<\/a><\/p>\n","protected":false},"author":1,"featured_media":0,"parent":260,"menu_order":0,"comment_status":"closed","ping_status":"closed","template":"","meta":{"_uf_show_specific_survey":0,"_uf_disable_surveys":false,"ngg_post_thumbnail":0,"footnotes":""},"class_list":["post-1833","page","type-page","status-publish","hentry"],"_links":{"self":[{"href":"http:\/\/www.arhivsa.ba\/wordpress\/index.php?rest_route=\/wp\/v2\/pages\/1833","targetHints":{"allow":["GET"]}}],"collection":[{"href":"http:\/\/www.arhivsa.ba\/wordpress\/index.php?rest_route=\/wp\/v2\/pages"}],"about":[{"href":"http:\/\/www.arhivsa.ba\/wordpress\/index.php?rest_route=\/wp\/v2\/types\/page"}],"author":[{"embeddable":true,"href":"http:\/\/www.arhivsa.ba\/wordpress\/index.php?rest_route=\/wp\/v2\/users\/1"}],"replies":[{"embeddable":true,"href":"http:\/\/www.arhivsa.ba\/wordpress\/index.php?rest_route=%2Fwp%2Fv2%2Fcomments&post=1833"}],"version-history":[{"count":2,"href":"http:\/\/www.arhivsa.ba\/wordpress\/index.php?rest_route=\/wp\/v2\/pages\/1833\/revisions"}],"predecessor-version":[{"id":1841,"href":"http:\/\/www.arhivsa.ba\/wordpress\/index.php?rest_route=\/wp\/v2\/pages\/1833\/revisions\/1841"}],"up":[{"embeddable":true,"href":"http:\/\/www.arhivsa.ba\/wordpress\/index.php?rest_route=\/wp\/v2\/pages\/260"}],"wp:attachment":[{"href":"http:\/\/www.arhivsa.ba\/wordpress\/index.php?rest_route=%2Fwp%2Fv2%2Fmedia&parent=1833"}],"curies":[{"name":"wp","href":"https:\/\/api.w.org\/{rel}","templated":true}]}}