{"id":131,"date":"2014-09-04T12:44:39","date_gmt":"2014-09-04T10:44:39","guid":{"rendered":"http:\/\/localhost\/wordpress1\/?page_id=131"},"modified":"2021-11-15T15:18:32","modified_gmt":"2021-11-15T13:18:32","slug":"organizacija-arhiva","status":"publish","type":"page","link":"http:\/\/www.arhivsa.ba\/wordpress\/?page_id=131","title":{"rendered":"Organizacija arhiva"},"content":{"rendered":"<p>Trenutna organizaciona shema Historijskog arhiva Sarajevo je:<\/p>\n<ol>\n<li>Odsjek za op\u0107e-pravne poslove i za\u0161titu gra\u0111e izvan arhiva;\n<ol>\n<li>Slu\u017eba za op\u0107e-pravne poslove;<\/li>\n<li>Slu\u017eba za stru\u010dni nadzor i za\u0161titu arhivske i registraturske gra\u0111e u registraturama;<\/li>\n<\/ol>\n<\/li>\n<li>Odsjek za smje\u0161taj, kori\u0161tenje i tehni\u010dku za\u0161titu arhivske gra\u0111e i knji\u017enog fonda;<\/li>\n<li>Odsjek za sre\u0111ivanje i obradu arhivske gra\u0111e;<\/li>\n<li>Odsjek za nau\u010dno-istra\u017eiva\u010dku i kulturno-obrazovnu djelatnost.<\/li>\n<\/ol>\n<p>Izra\u017eena su nastojanja, a i zakonska je obaveza registratura da arhivsku gra\u0111u predaju u sre\u0111enom stanju. Arhiv djeluje u skladu sa va\u017ee\u0107im Zakonom o arhivskoj djelatnosti Kantona Sarajevo iz 2000. godine.<\/p>\n<p>Obzirom na koli\u010dinu arhivske gra\u0111e u ovom Arhivu, Odsjeku za sre\u0111ivanje i obradu arhivske gra\u0111e predstoji ogroman posao.<\/p>\n<p>Sre\u0111ivanje gra\u0111e jednog fonda je prva slo\u017eena etapa, ali i dobar temelj za dalje arhivisti\u010dke poslove: obradu i publikovanje gra\u0111e. Sre\u0111ivanje se uglavnom vr\u0161i po temeljnom arhivisti\u010dkom principu provenijencije (po\u0161tovanje prvobitnog na\u010dina po kojem je i nastala dokumentacija) i u skladu sa usvojenim me\u0111unarodnim standardima. Samo sre\u0111en fond mo\u017ee se dalje arhivisti\u010dki obraditi i pripremiti za nau\u010dnoistra\u017eiva\u010dki rad.<\/p>\n<p>Odsjek za smje\u0161taj, kori\u0161tenje i tehni\u010dku za\u0161titu arhivske gra\u0111e i knji\u017enog fonda, tzv. &#8220;Slu\u017eba depoa&#8221;, brine o 640 fondova i zbirki, odnosno preko 10.000 du\u017enih metara arhivske gra\u0111e, koliko trenutno posjeduje Historijski arhiv Sarajevo i koja obuhvata period od sredine XVI. do kraja XX. stolje\u0107a.<\/p>\n<p>Od toga je 410 fondova i zbirki sre\u0111eno i ima sumarne inventare, a za 125 fondova i zbirki su izra\u0111eni analiti\u010dki inventari. Zbog ovako velikog broja fondova, koli\u010dine gra\u0111e i informacija koje sadr\u017ei gra\u0111a, znatno se pove\u0107ao broj korisnika na\u0161ih usluga, odnosno ljudi koji se Arhivu obra\u0107aju kako bi ostvarili neko svoje pravo (iz radnog odnosa, \u0161kolovanja, imovinsko-pravnih odnosa i sl.). Do sada je preko 24.000 gra\u0111ana BiH tra\u017eilo od nas neki oblik uvjerenja da bi ostvarili svoja prava. Pove\u0107ava se i broj istra\u017eiva\u010da koji koriste gra\u0111u na\u0161ih fondova, zbirki i biblioteke.<\/p>\n<p>Slu\u017eba za stru\u010dni nadzor i za\u0161titu arhivske i registraturske gra\u0111e u registraturama, tzv. &#8220;Vanjska slu\u017eba&#8221;, ima prvenstveni zadatak da evidentira sve imaoce arhivske i registraturne gra\u0111e, vr\u0161i nadzor i kontroli\u0161e primjenu zakonskih propisa iz oblasti arhivskog poslovanja u registraturama.<\/p>\n<p>Poslovi &#8220;Vanjske slu\u017ebe&#8221; su uglavnom kontrola arhivske i registraturne gra\u0111e u registraturama kako bi ona kod njih bila dobro sre\u0111ena. Dobro sre\u0111ena i popisana arhivska gra\u0111a kod imaoca je preduslov za kasniji lak\u0161i rad sa predmetnom gra\u0111om u Arhivu.<\/p>\n<p>Ranije stihijsko preuzimanje nesre\u0111ene arhivske i registraturne gra\u0111e, preuzimanje u Arhiv samo da bi se gra\u0111a sa\u010duvala, prestalo je i nastoji se uvesti red u radu registratura primjenom Zakona i redovnim kontaktom sa registraturama.<\/p>\n<p>Do 1992. godine Istorijski arhiv Sarajevo je svojom nadle\u017eno\u0161\u0107u pokrivao podru\u010dje 10 op\u0161tina grada Sarajeva, kao i 10 op\u0161tina vangradskog podru\u010dja. Arhiv sada pokriva podru\u010dje Kantona Sarajevo u kojem su evidentirane 1753 registrature.<\/p>\n","protected":false},"excerpt":{"rendered":"<p>Trenutna organizaciona shema Historijskog arhiva Sarajevo je: Odsjek za op\u0107e-pravne poslove i za\u0161titu gra\u0111e izvan arhiva; Slu\u017eba za op\u0107e-pravne poslove; Slu\u017eba za stru\u010dni nadzor i za\u0161titu arhivske i registraturske gra\u0111e u registraturama; Odsjek za smje\u0161taj, kori\u0161tenje i tehni\u010dku za\u0161titu arhivske gra\u0111e i knji\u017enog fonda; Odsjek za sre\u0111ivanje i obradu arhivske gra\u0111e; Odsjek za nau\u010dno-istra\u017eiva\u010dku i kulturno-obrazovnu djelatnost. Izra\u017eena su nastojanja, a i zakonska je obaveza registratura da arhivsku gra\u0111u predaju u sre\u0111enom&#8230; <a class=\"continue-reading-link\" href=\"http:\/\/www.arhivsa.ba\/wordpress\/?page_id=131\">Vi\u0161e<\/a><\/p>\n","protected":false},"author":1,"featured_media":517,"parent":27,"menu_order":0,"comment_status":"closed","ping_status":"closed","template":"","meta":{"_uf_show_specific_survey":0,"_uf_disable_surveys":false,"ngg_post_thumbnail":0,"footnotes":""},"class_list":["post-131","page","type-page","status-publish","has-post-thumbnail","hentry"],"_links":{"self":[{"href":"http:\/\/www.arhivsa.ba\/wordpress\/index.php?rest_route=\/wp\/v2\/pages\/131","targetHints":{"allow":["GET"]}}],"collection":[{"href":"http:\/\/www.arhivsa.ba\/wordpress\/index.php?rest_route=\/wp\/v2\/pages"}],"about":[{"href":"http:\/\/www.arhivsa.ba\/wordpress\/index.php?rest_route=\/wp\/v2\/types\/page"}],"author":[{"embeddable":true,"href":"http:\/\/www.arhivsa.ba\/wordpress\/index.php?rest_route=\/wp\/v2\/users\/1"}],"replies":[{"embeddable":true,"href":"http:\/\/www.arhivsa.ba\/wordpress\/index.php?rest_route=%2Fwp%2Fv2%2Fcomments&post=131"}],"version-history":[{"count":2,"href":"http:\/\/www.arhivsa.ba\/wordpress\/index.php?rest_route=\/wp\/v2\/pages\/131\/revisions"}],"predecessor-version":[{"id":5134,"href":"http:\/\/www.arhivsa.ba\/wordpress\/index.php?rest_route=\/wp\/v2\/pages\/131\/revisions\/5134"}],"up":[{"embeddable":true,"href":"http:\/\/www.arhivsa.ba\/wordpress\/index.php?rest_route=\/wp\/v2\/pages\/27"}],"wp:featuredmedia":[{"embeddable":true,"href":"http:\/\/www.arhivsa.ba\/wordpress\/index.php?rest_route=\/wp\/v2\/media\/517"}],"wp:attachment":[{"href":"http:\/\/www.arhivsa.ba\/wordpress\/index.php?rest_route=%2Fwp%2Fv2%2Fmedia&parent=131"}],"curies":[{"name":"wp","href":"https:\/\/api.w.org\/{rel}","templated":true}]}}