{"id":1020,"date":"2014-09-22T11:47:34","date_gmt":"2014-09-22T09:47:34","guid":{"rendered":"http:\/\/www.arhivsa.ba\/wordpress\/?page_id=1020"},"modified":"2014-10-29T12:32:00","modified_gmt":"2014-10-29T10:32:00","slug":"3-sudstvo","status":"publish","type":"page","link":"http:\/\/www.arhivsa.ba\/wordpress\/?page_id=1020","title":{"rendered":"3. Sudstvo"},"content":{"rendered":"<h4>SUDOVI U BOSNI I HERCEGOVINI<\/h4>\n<p>Dolaskom u Bosnu i Hercegovinu, Austro-Ugarska je u biti zadr\u017eala zate\u010denu osmansku administrativnu podjelu &#8211; pravni poredak, poreski sistem i postoje\u0107e stanje agrarnih odnosa. U djelokrug javne uprave podpodalo je i sudstvo. Prvo su uvedeni vojni a zatim civilni sudovi. Tako su naprimjer Kotarski uredi obavljali poslove kotarskih sudova, \u0161erijatskih sudova i gruntovnice, odnosno zemlji\u0161no-knji\u017enog ureda. Pri svim kotarskim sudovima postojali su i \u0161erijatski sudovi za vakufske, porodi\u010dne i nasljedno-pravne poslove muslimanskog stanovni\u0161tva. Tek 1906. godine sudstvo u Bosni i Hercegovini postaje samostalno. Kotarski sudovi i dalje u svom sastavu imaju zemlji\u0161no-knji\u017ene urede i oni su bili prvostepeni, a okru\u017eni sudovi su bili i drugostepeni sudovi. Od 1929. godine kotarski sudovi pretvaraju se u sreske sudove kao prvostepene, a okru\u017eni sudovi su i drugostepeni sudovi. Pri sreskim sudovima je i dalje zemlji\u0161no-knji\u017eni ured. Nakon Drugog svjetskog rata Bosna i Hercegovina se administrativno-upravno dijeli na okru\u017ene, sreske, gradske, reonske odnosno mjesne narodne odbore. Takva je i sudska podjela. Grad Sarajevo, odnosno Gradski narodni odbor Sarajevo je van teritorije Sreza Sarajevskog, koji obuhvata vangradsko podru\u010dje. Tako da postoji Sreski sud za grad Sarajevo i Sreski sud za Srez sarajevski kao i Okru\u017eni sud za grad Sarajevo i Okru\u017eni sud za Srez sarajevski i jo\u0161 pet srezova. \u0160erijatski sudovi se ukidaju 1946. godine. Pri Sreskim sudovima je i zemlji\u0161no-knji\u017eni ured. 1955. godine mijenja se administrativno-upravno-sudska podjela u Bosni i Hercegovini. Ukida se Gradski narodni odbor, a ustanovljava Sreski narodni odbor koji pokriva i teritoriju grada i njegove op\u0161tine. Tada se ukida i Sreski sud za Grad Sarajevo a osnivaju se: Sreski sud I za op\u0161tine Centar, Stari grad, Pale, Pra\u010da i Vogo\u0161\u0107a sa Zemlji\u0161no-knji\u017enim uredom i Sreski sud II za op\u0161tine Novo Sarajevo, Had\u017ei\u0107i, Ilid\u017ea, Srednje i Trnovo. Ovi sudovi ukidanjem Sreza 1966. godine postaju Op\u0161tinski sud I i II u Sarajevu. Okru\u017eni sud \u0161iri nadlee\u017enost na 11 srezova, a okru\u017eni privredni sud \u0161iri nadle\u017enost na 3 sreza. Sudovi za prekr\u0161aje su sreski i op\u0161tinski. Razvojem samoupravljanja osnivaju se Sud udru\u017eenog rada i Dru\u0161tveni pravobranici samoupravljanja koji su uglavnom me\u0111uop\u0161tinski i op\u0161tinski. Istorijski arhiv Sarajevo je gra\u0111u kotarskog ureda kao suda, kotarskog-sreskog suda, okru\u017enog suda i vojnih ustanova, kao sudova, preuzeo od Arhiva BiH 1969. godine. Taj dio gra\u0111e je popisan i ima sumarne inventare. Gra\u0111a ovih organizacija koju je Istorijski arhiv preuzeo 1988. godine od Arhiva Bosne i Hercegovine je nesre\u0111ena. Gra\u0111a civilnih sudova je za period 1878-1946. godine a gra\u0111a vojnih ustanova &#8211; sudova do 1918. godine.<\/p>\n<h4>3.1. KOTARSKI \u0160ERIJATSKI SUD SARAJEVO<\/h4>\n<p><em>Sign. K\u0160S-534<\/em><\/p>\n<p>Arhivska gra\u0111a preuzeta od Arhiva Bosne i Hercegovine 1988. godine.<\/p>\n<p><strong>Gra\u0111a<\/strong>: nepotpuna; vremenski raspon: 1878-1916; omota 385, knjiga 21; metara du\u017einskih 77; nesre\u0111ena; nepristupa\u010dna; jezik: bosanski, turski, njema\u010dki.<\/p>\n<h4>3.2. SRESKI \u0160ERIJATSKI SUD VISOKO<\/h4>\n<p><em>Sign. S\u0160SV-535<\/em><\/p>\n<p>Arhivska gra\u0111a preuzeta od Arhiva Bosne i Hercegovine 1988. godine.<\/p>\n<p><strong>Gra\u0111a<\/strong>: nepotpuna; vremenski raspon: 1878-1891; knjiga 19; metara du\u017einskih 1; djelimi\u010dno sre\u0111ena, pristupa\u010dna, sumarni inventar; jezik: bosanksi, turski.<\/p>\n<h4>3.3. VOJNA KOMANDA SARAJEVO (K.U.K. MILIT\u00c4RKOMMANDO)<\/h4>\n<p><em>Sign. VKS-515<\/em><\/p>\n<p><em>Gra\u0111a<\/em>: nepotpuna, vremenski raspon 1917-1918; kutija 77; metara du\u017einskih 7,7; sre\u0111ena; pristupa\u010dna; sumarni inventar; jezik: njema\u010dki, bosanski-hrvatski-srpski.<\/p>\n<h4>3.4. KOMANDA TVR\u0110AVE SARAJEVO (FESTUNGSKOMMANDO)<\/h4>\n<p><em>Sign. KTS-516<\/em><\/p>\n<p><strong>Gra\u0111a<\/strong>: nepotpuna, vremenski raspon \u00b81914-1918.; kutija 188 i fascikl 1; metara du\u017einskih 18,8; djelimi\u010dno sre\u0111ena, pristupa\u010dna; sumarni inventar; jezik: njema\u010dki, bosanski-hrvatski-srpski.<\/p>\n<h4>3.5. SUDSKI OFICIR ZAMJENIKA VOJNOG KOMANDANTA (GERICHTSOFFIZIER DES STELLVERTRETERS MILIT\u00c4RKOMMANDANTEN)<\/h4>\n<p><em>Sign. SOVK-517<\/em><\/p>\n<p><strong>Gra\u0111a<\/strong>: nepotpuna, vremenski raspon; 1917-1918; kutija 14; metara du\u017einskih 1,4; sre\u0111ena, pristupa\u010dna, sumarni inventar; jezik: njema\u010di, bosanski-hrvatski-srpski.<\/p>\n<h4>3.6. DIVIZIJSKI SUD SARAJEVO (DIVISIONGERICHT IN SARAJEVO)<\/h4>\n<p><em>Sign. DS-518<\/em><\/p>\n<p><strong>Gra\u0111a<\/strong>: nepotpuna; vremenski raspon: 1917-1918; kutija 81; metara du\u017einskih 8,1; sre\u0111ena, pristupa\u010dna, sumarni inventar; jezik: njema\u010dki, bosanski-hrvtski-srpski.<\/p>\n<h4>3.7. GARNIZONSKI SUD SARAJEVO (K.U.K. GARNISONSGERICHT IN SARAJEVO)<\/h4>\n<p><em>Sign. GS-519<\/em><\/p>\n<p><strong>Gra\u0111a<\/strong>: nepotpuna; vremenski raspon 1898-1918; kutije 504; metara du\u017einskih 50,4; sre\u0111ena, pristupa\u010dna, sumarni inventar; jezik: njema\u010dki, bosanski-hrvatski-srpski.<\/p>\n<h4>3.8. SUD KOMANDANTA \u017dANDARMERIJSKOG KORPUSA ZA BIH (GERICHT DES GENDARMERIEKORPSKOMMANDANTEN F\u00dcR BIH)<\/h4>\n<p><em>Sign. SK\u017dB-520<\/em><\/p>\n<p><strong>Gra\u0111a<\/strong>: nepotpuna; vremenski raspon: 1914-1917; kutija 5, metara du\u017einskih 0,5; sre\u0111ena, pristupa\u010dna, sumarni inventa; jezik: njema\u010dki, bosanski-hrvatski-srpski.<\/p>\n<h4>3.9. VOJNA KOMANDA MOSTAR (K.U.K. MILIT\u00c4RKOMMANDO IN MOSTAR)<\/h4>\n<p><em>Sign. VKT-522<\/em><\/p>\n<p><strong>Gra\u0111a<\/strong>: nepotpuna; vremenski raspon: 1915; kutija 1; metara du\u017einskih 0,1; sre\u0111ena, pristupa\u010dna, sumarni inventar; jezik: njema\u010dki, bosanski-hrvatski-srpski.<\/p>\n<h4>3.10. VOJNA KOMANDA TUZLA (K.U.K. MILIT\u00c4RKOMMANDO IN TUZLA)<\/h4>\n<p><em>Sign. VKT-522<\/em><\/p>\n<p><strong>Gra\u0111a<\/strong>: nepotpuna; vremenski raspon: 1916; kutija 1; metara du\u017einskih 0,1; sre\u0111ena, pristupa\u010dna, sumarni inventar; jezik: njema\u010dki, bosanski-hrvatski-srpski.<\/p>\n<h4>3.11. VOJNA KOMANDA BANJA LUKA (K.U.K. MILIT\u00c4RKOMMANDO IN BANJA LUKA<\/h4>\n<p>Sign. <em>VKBL<\/em>-523<\/p>\n<p><strong>Gra\u0111a<\/strong>: nepotpuna: vremenski raspon: 1915-1916; kutije 4; metara du\u017einskih 0,4; sre\u0111ena, pristupa\u010dna, sumarni inventar; jezik: njema\u010dki, bosanski-hrvatski-srpski.<\/p>\n<h4>3.12. GARNIZONSKI SUD BANJA LUKA (K.U.K. GARNISONSGERICHT IN BANJA LUKA)<\/h4>\n<p><em>Sign. GSBL-524<\/em><\/p>\n<p><strong>Gra\u0111a<\/strong>: nepotpuna; vremenski raspon: 1905.; kutija 1; metara du\u017einskih 0,1; sre\u0111ena, pristupa\u010dna, sumarni inentar; jezik: njema\u010dki, bosanski-hrvatski-srpski.<\/p>\n<h4>3.13. GARNIZONSKI SUD RAGUSA (K.U.K. GARNISONGERICHT IN RAGUSA)<\/h4>\n<p><em>Sign. GSR-525<\/em><\/p>\n<p><strong>Gra\u0111a<\/strong>: nepotpuna; vremenski raspon: 1883-1907; kutija 17; metara du\u017einskih 1,7; sre\u0111ena, pristupa\u010dna, sumarni inventar; jezik: njema\u010dki, bosanski-hrvatski-srpski.<\/p>\n<h4>3.14. DIVIZIJSKI SUD U BE\u010cU (K.U.K. DIVISIONSGERICHT IN WIEN)<\/h4>\n<p><em>Sign. DSB-526<\/em><\/p>\n<p><strong>Gra\u0111a<\/strong>: nepotpuna; vremenski raspon: 1917-1918;kutije 2; metara du\u017einskih 0,2; sre\u0111ena, pristupa\u010dna, sumarni inventar; jezik: njema\u010dki, bosanski-hrvatski-srpski.<\/p>\n<h4>3.15. RATNI SUD III ZBORNOG PODRU\u010cJA SARAJEVO<\/h4>\n<p><em>Sign.RSZS-527<\/em><\/p>\n<p><strong>Gra\u0111a<\/strong>: nepotpuna; vremenski raspon: 1943; kutija 1; metara du\u017einskih 0,1; sre\u0111ena, pristupa\u010dna, sumarni inventar.<\/p>\n<h4>3.16. OKRU\u017dNI SUD SARAJEVO<\/h4>\n<p><em>Sign.OSS-528<\/em><\/p>\n<p><strong>Gra\u0111a<\/strong>: nepotpuna; vremenski raspon: 1922-1941; kutije 36; metara du\u017einskih 3,6; djelimi\u010dno sre\u0111ena, pristupa\u010dna, sumarni inventar.<\/p>\n<h4>3.17. KOTARSKI URED (KAO KOTARSKI SUD) SARAJEVO<\/h4>\n<p><em>Sing. KUS-529<\/em><\/p>\n<p><strong>Gra\u0111a<\/strong>: nepotpuna, vremenski raspon: 1886-1911; kutija 40 i fascikla 1, metara du\u017einska 4; djelimi\u010dno sre\u0111ena, pristupa\u010dna, sumarni inventar; jezik: njema\u010dki, bosanski-hrvatski-srpski.<\/p>\n<h4>3.18. KOTARSKI\/SRESKI SUD SARAJEVO<\/h4>\n<p><em>Sign. kss-488<\/em><\/p>\n<p><strong>Gra\u0111a<\/strong>: nepotpuna; vremenski raspon: 1886-1946; kutija 1100 i fascikla 60; metara du\u017einskih 120; djelimi\u010dno sre\u0111ena, pristupa\u010dna, sumarni inventar(djelimi\u010dno); jezik: njema\u010dki, bosanski-hrvatski-srpski.<\/p>\n<h4>3.19. ZEMLJI\u0160NO KNJI\u017dNI URED (KOTARSKOG\/SRESKOG\/ OP\u0160TINSKOG SUDA)<\/h4>\n<p><em>Sign. ZKU-530<\/em><\/p>\n<p><strong>Gra\u0111a<\/strong>: potpuna; vremenski raspon: 1886-1985; fascikli 287 (anlagsplanovi), omota 1080, knjiga 69; metara du\u017einskih 216; sre\u0111ena; pristupa\u010dna, sumarni inventar; jezik: njema\u010dki, bosanski-hrvatski-srpski.<\/p>\n<h4>3.20. ZEMLJI\u0160NO POSJEDOVNI LISTOVI KATASTARSKIH OP\u0160TINA (HAD\u017dI\u0106I I DR.)<\/h4>\n<p><em>Sign. ZPLH-536<\/em><\/p>\n<p>Arhivska gra\u0111a preuzeta od SO-e Had\u017ei\u0107i 1976.godine.<\/p>\n<p><strong>Gra\u0111a<\/strong>: fragmentarna; vremenski raspon: 1884-1918, 1941-1945, 1958-1962; fascikli 41, knjiga 6; metara du\u017einskih 3; sre\u0111ena, pristupa\u010dna; sumarni inventar.<\/p>\n<h4>3.21. OP\u0160TINSKI SUD II SARAJEVO<\/h4>\n<p><em>Sign. OSD- 531<\/em><\/p>\n<p><strong>Gra\u0111a<\/strong>: nepotpuna, vremenski raspon: 1950-2001; kutija 1210; metara du\u017einskih 210; djelimi\u010dno sre\u0111ena, pristupa\u010dna, sumarni inventar.<\/p>\n<h4>3.22. OP\u0160TINSKI DRU\u0160TVENI PRAVOBRANILAC SAMOUPRAVLJANJA NOVO SARAJEVO<\/h4>\n<p><em>Sign. ODPS-532<\/em><\/p>\n<p>Arhivska gra\u0111a preuzeta od Pravobranioca samoupravljanja 1991. godine.<\/p>\n<p><strong>Gra\u0111a<\/strong>: potpuna; vremenski raspon: 1975-1990; omota 4 i knjiga 20; metara du\u017einskih 1,5; nesre\u0111ena, nepristupa\u010dna.<\/p>\n<h4>3.23. OP\u0160TINSKI DRU\u0160TVENI PRAVOBRANILAC SAMOUPRAVLJANJACENTAR SARAJEVO<\/h4>\n<p><em>Sign. DPSC-533<\/em><\/p>\n<p>Arhivska gra\u0111a preuzeta od Pravobranioca samoupravljanja 1991.godine.<\/p>\n<p><strong>Gra\u0111a<\/strong>: potpuna, vremenski raspon: 1974-1990; omota 7 i knjiga 10; metra du\u017einska 2; nesre\u0111ena, nepristupa\u010dna.<\/p>\n","protected":false},"excerpt":{"rendered":"<p>SUDOVI U BOSNI I HERCEGOVINI Dolaskom u Bosnu i Hercegovinu, Austro-Ugarska je u biti zadr\u017eala zate\u010denu osmansku administrativnu podjelu &#8211; pravni poredak, poreski sistem i postoje\u0107e stanje agrarnih odnosa. U djelokrug javne uprave podpodalo je i sudstvo. Prvo su uvedeni vojni a zatim civilni sudovi. Tako su naprimjer Kotarski uredi obavljali poslove kotarskih sudova, \u0161erijatskih sudova i gruntovnice, odnosno zemlji\u0161no-knji\u017enog ureda. Pri svim kotarskim sudovima postojali su i \u0161erijatski sudovi za vakufske,&#8230; <a class=\"continue-reading-link\" href=\"http:\/\/www.arhivsa.ba\/wordpress\/?page_id=1020\">Vi\u0161e<\/a><\/p>\n","protected":false},"author":1,"featured_media":517,"parent":270,"menu_order":0,"comment_status":"closed","ping_status":"closed","template":"","meta":{"_uf_show_specific_survey":0,"_uf_disable_surveys":false,"ngg_post_thumbnail":0,"footnotes":""},"class_list":["post-1020","page","type-page","status-publish","has-post-thumbnail","hentry"],"_links":{"self":[{"href":"http:\/\/www.arhivsa.ba\/wordpress\/index.php?rest_route=\/wp\/v2\/pages\/1020","targetHints":{"allow":["GET"]}}],"collection":[{"href":"http:\/\/www.arhivsa.ba\/wordpress\/index.php?rest_route=\/wp\/v2\/pages"}],"about":[{"href":"http:\/\/www.arhivsa.ba\/wordpress\/index.php?rest_route=\/wp\/v2\/types\/page"}],"author":[{"embeddable":true,"href":"http:\/\/www.arhivsa.ba\/wordpress\/index.php?rest_route=\/wp\/v2\/users\/1"}],"replies":[{"embeddable":true,"href":"http:\/\/www.arhivsa.ba\/wordpress\/index.php?rest_route=%2Fwp%2Fv2%2Fcomments&post=1020"}],"version-history":[{"count":3,"href":"http:\/\/www.arhivsa.ba\/wordpress\/index.php?rest_route=\/wp\/v2\/pages\/1020\/revisions"}],"predecessor-version":[{"id":1023,"href":"http:\/\/www.arhivsa.ba\/wordpress\/index.php?rest_route=\/wp\/v2\/pages\/1020\/revisions\/1023"}],"up":[{"embeddable":true,"href":"http:\/\/www.arhivsa.ba\/wordpress\/index.php?rest_route=\/wp\/v2\/pages\/270"}],"wp:featuredmedia":[{"embeddable":true,"href":"http:\/\/www.arhivsa.ba\/wordpress\/index.php?rest_route=\/wp\/v2\/media\/517"}],"wp:attachment":[{"href":"http:\/\/www.arhivsa.ba\/wordpress\/index.php?rest_route=%2Fwp%2Fv2%2Fmedia&parent=1020"}],"curies":[{"name":"wp","href":"https:\/\/api.w.org\/{rel}","templated":true}]}}